{"id":2065,"date":"2018-05-22T11:37:40","date_gmt":"2018-05-22T11:37:40","guid":{"rendered":"https:\/\/wgmb.org\/studien-2012-ch\/"},"modified":"2019-01-25T14:12:47","modified_gmt":"2019-01-25T14:12:47","slug":"studien-2012-ch","status":"publish","type":"page","link":"https:\/\/wgmb.org\/en\/studien-2012-ch\/","title":{"rendered":"Studien 2012 CH"},"content":{"rendered":"<div class=\"wpb-content-wrapper\">[vc_row row_type=&#8221;row&#8221; use_row_as_full_screen_section=&#8221;no&#8221; type=&#8221;full_width&#8221; angled_section=&#8221;no&#8221; text_align=&#8221;left&#8221; background_image_as_pattern=&#8221;without_pattern&#8221;][vc_column]\n\t\t\t<!-- START Studienbaende REVOLUTION SLIDER 6.7.23 --><p class=\"rs-p-wp-fix\"><\/p>\n\t\t\t<rs-module-wrap id=\"rev_slider_59_1_wrapper\" data-source=\"gallery\" style=\"visibility:hidden;background:transparent;padding:0;margin:0px auto;margin-top:0;margin-bottom:0;\">\n\t\t\t\t<rs-module id=\"rev_slider_59_1\" style=\"\" data-version=\"6.7.23\">\n\t\t\t\t\t<rs-slides style=\"overflow: hidden; position: absolute;\">\n\t\t\t\t\t\t<rs-slide style=\"position: absolute;\" data-key=\"rs-102\" data-title=\"Slide\" data-duration=\"6000\" data-in=\"o:0;\">\n\t\t\t\t\t\t\t<img decoding=\"async\" src=\"https:\/\/wgmb.org\/wp-content\/plugins\/revslider\/sr6\/assets\/assets\/dummy.png\" alt=\"\" title=\"Studien 2012 CH\" class=\"rev-slidebg tp-rs-img rs-lazyload\" data-lazyload=\"\/\/wgmb.org\/wp-content\/uploads\/2018\/05\/Explore.png\" data-panzoom=\"d:10000;ss:100;se:120;\" data-no-retina>\n<!---->\t\t\t\t\t<\/rs-slide>\n\t\t\t\t\t<\/rs-slides>\n\t\t\t\t<\/rs-module>\n\t\t\t\t<script>\n\t\t\t\t\tsetREVStartSize({c: 'rev_slider_59_1',rl:[1240,1024,778,480],el:[],gw:[480],gh:[400],type:'standard',justify:'',layout:'fullwidth',mh:\"0\"});if (window.RS_MODULES!==undefined && window.RS_MODULES.modules!==undefined && window.RS_MODULES.modules[\"revslider591\"]!==undefined) {window.RS_MODULES.modules[\"revslider591\"].once = false;window.revapi59 = undefined;if (window.RS_MODULES.checkMinimal!==undefined) window.RS_MODULES.checkMinimal()}\n\t\t\t\t<\/script>\n\t\t\t<\/rs-module-wrap>\n\t\t\t<!-- END REVOLUTION SLIDER -->\n[\/vc_column][\/vc_row][vc_row][vc_column css=&#8221;.vc_custom_1526935394782{padding-top: 100px !important;}&#8221;][vc_column_text]\n<h2>Management Consulting 2012<\/h2>\n<h4>Marktschwerpunkt: Schweiz<\/h4>\n[\/vc_column_text][vc_column_text]Zum zweiten Mal nach 2009 haben wir Entscheider aus Schweizer Unternehmen nach ihren Erfahrungen mit den f\u00fchrenden Beratern befragt. 229 gaben uns Auskunft zu den Leistungen und Kompetenzen von McKinsey &amp; Company, der Boston Consulting Group, Roland Berger Strategy Consultants, Bain &amp; Company, Strategy&amp;, A.T. Kearney, Oliver Wyman, Helbling Gruppe, Deloitte Consulting, KPMG Advisory, PwC Wirtschaftsberatung und Ernst &amp; Young Advisory Services.[\/vc_column_text][\/vc_column][\/vc_row][vc_row][vc_column css=&#8221;.vc_custom_1526989139511{padding-bottom: 20px !important;}&#8221;][vc_column_text]\n<h3>Zum Inhalt der Studie<\/h3>\n[\/vc_column_text][vc_column_text]Welche Berater haben die gr\u00f6\u00dften Kompetenzen in den Beratungsfeldern Strategische Planung, M&amp;A, Finanz- und Risikomanagement, Organisation und F\u00fchrung, Innovation, Marketing und Vertrieb, Operations Management, Post Merger Integration und Sanierung und Restrukturierung? In welche dieser Bereiche flie\u00dfen auf Seiten der Kunden die gr\u00f6ssten Budgets? Welche Berater sind in welchen Branchen besonders pr\u00e4sent? Wer von ihnen hat die gr\u00f6\u00dfte Marktkenntnis, wer die h\u00f6chste Umsetzungskompetenz? Wer arbeitet am besten im Team, wer hat die besten methodischen, fachlichen und analytischen F\u00e4higkeiten? Wer hat die zufriedensten Kunden? Fragen wie diese werden in der Studie detailliert beantwortet. In \u00fcbersichtlichen Grafiken und Rankings, in denen die jeweils besten f\u00fcnf Berater einer Kategorie aufgef\u00fchrt sind \u2013 denn wir wollen zeigen, welche Berater besonders gut eingesch\u00e4tzt werden, wir wollen jedoch niemanden diskreditieren.[\/vc_column_text][\/vc_column][\/vc_row][vc_row css=&#8221;.vc_custom_1526935448462{padding-bottom: 50px !important;}&#8221;][vc_column width=&#8221;1\/4&#8243;][\/vc_column][vc_column width=&#8221;1\/2&#8243;][vc_column_text]\n<h6><span style=\"color: #808080;\">Werfen Sie einen Blick in die Studie:<\/span><\/h6>\n[\/vc_column_text][vc_column_text]<a href=\"\/en\/?pdfemb-serveurl=https%3A%2F%2Fwgmb.org%2Fwp-content%2Fuploads%2Fsecurepdfs%2F2018%2F05%2FWGMB_MMB_2012_CH-1.pdf\" class=\"pdfemb-viewer\" style=\"\" data-width=\"max\" data-height=\"max\" data-mobile-width=\"0\"  data-scrollbar=\"none\" data-download=\"off\" data-tracking=\"on\" data-newwindow=\"on\" data-pagetextbox=\"off\" data-scrolltotop=\"off\" data-startzoom=\"100\" data-startfpzoom=\"100\" data-download-nonce=\"f63e7a9436\" data-disablerightclick=\"on\" data-toolbar=\"bottom\" data-toolbar-fixed=\"off\">WGMB_MMB_2012_CH<br\/><\/a>[\/vc_column_text][\/vc_column][vc_column width=&#8221;1\/4&#8243;][\/vc_column][\/vc_row][vc_row][vc_column][vc_column_text]\n<h3>Wer hat teilgenommen?<\/h3>\n[\/vc_column_text][vc_column_text]An der Studie haben sich 229 F\u00fchrungskr\u00e4fte Schweizer Unternehmen beteiligt, die drei wesentlichen Entscheiderklassen zuzurechnen sind: 87 Befragte haben ihre Erfahrungen mit den Beratern als Vorst\u00e4nde oder Gesch\u00e4ftsf\u00fchrer gesammelt, 66 als Budgetverantwortliche und 56 als Projektleiter. Sie stammen aus unterschiedlichen Branchen: Banken, Versicherungen, Konsumg\u00fcterindustrie, Handel, Gesundheitswesen, Pharmazie, Medizinaltechnik, Telekommunikation, High Tech, Medien, Maschinen-, Anlagen- und Fahrzeugbau, Chemie, Grundstoffe, Reise, Transport, Logistik, Energieversorgung und \u00d6ffentliche Verwaltung.[\/vc_column_text][\/vc_column][\/vc_row][vc_row][vc_column][vc_column_text]\n<h3>Preise und Bezugsmodalit\u00e4ten<\/h3>\n[\/vc_column_text][vc_column_text]Die Studie ist f\u00fcr 1.450,- Euro zzgl. MwSt. erh\u00e4ltlich. Geliefert wird sie in elektronischer Form als PDF-Datei per E-Mail.<\/p>\n<p>Bei Interesse senden Sie bitte eine E-Mail an studien(at)wgmb.org.[\/vc_column_text][\/vc_column][\/vc_row][vc_row][vc_column][vc_separator color=&#8221;custom&#8221; accent_color=&#8221;#cdcdcd&#8221;][vc_column_text]<a href=\"https:\/\/wgmb.org\/en\/grosse-berater\/\">Back to the studies overview<\/a>[\/vc_column_text][\/vc_column][\/vc_row]\n<div id=\"themify_builder_content-2065\" data-postid=\"2065\" class=\"themify_builder_content themify_builder_content-2065 themify_builder\">\n    <\/div>\n<!-- \/themify_builder_content --><\/div>","protected":false},"excerpt":{"rendered":"<p>[vc_row row_type=&#8221;row&#8221; use_row_as_full_screen_section=&#8221;no&#8221; type=&#8221;full_width&#8221; angled_section=&#8221;no&#8221; text_align=&#8221;left&#8221; background_image_as_pattern=&#8221;without_pattern&#8221;][vc_column][\/vc_column][\/vc_row][vc_row][vc_column css=&#8221;.vc_custom_1526935394782{padding-top: 100px !important;}&#8221;][vc_column_text] Management Consulting 2012 Marktschwerpunkt: Schweiz [\/vc_column_text][vc_column_text]Zum zweiten Mal nach 2009 haben wir Entscheider aus Schweizer Unternehmen nach ihren Erfahrungen mit den f\u00fchrenden Beratern befragt. 229 gaben uns Auskunft zu den Leistungen und Kompetenzen von McKinsey &amp; Company, der Boston Consulting Group, Roland Berger Strategy Consultants, [&hellip;]<\/p>\n","protected":false},"author":1,"featured_media":0,"parent":0,"menu_order":0,"comment_status":"closed","ping_status":"closed","template":"","meta":{"footnotes":""},"class_list":["post-2065","page","type-page","status-publish","hentry","has-post-title","has-post-date","has-post-category","has-post-tag","has-post-comment","has-post-author",""],"yoast_head":"<!-- This site is optimized with the Yoast SEO plugin v27.3 - https:\/\/yoast.com\/product\/yoast-seo-wordpress\/ -->\n<title>Studien der WGMB - Die gro\u00dfen der Branche &amp; Hidden Champions<\/title>\n<meta name=\"description\" content=\"Seit 1998 unterst\u00fctzen wir mit unseren Studien Berater und ihre Kunden, sich erfolgreich im Beratungsmarkt zu bewegen. Dabei haben wir zwei Schwerpunkte gesetzt.\" \/>\n<meta name=\"robots\" content=\"index, follow, max-snippet:-1, max-image-preview:large, max-video-preview:-1\" \/>\n<link rel=\"canonical\" href=\"https:\/\/wgmb.org\/en\/studien-2012-ch\/\" \/>\n<meta property=\"og:locale\" content=\"en_US\" \/>\n<meta property=\"og:type\" content=\"article\" \/>\n<meta property=\"og:title\" content=\"Studien der WGMB - Die gro\u00dfen der Branche &amp; Hidden Champions\" \/>\n<meta property=\"og:description\" content=\"Seit 1998 unterst\u00fctzen wir mit unseren Studien Berater und ihre Kunden, sich erfolgreich im Beratungsmarkt zu bewegen. Dabei haben wir zwei Schwerpunkte gesetzt.\" \/>\n<meta property=\"og:url\" content=\"https:\/\/wgmb.org\/en\/studien-2012-ch\/\" \/>\n<meta property=\"og:site_name\" content=\"WGMB\" \/>\n<meta property=\"article:modified_time\" content=\"2019-01-25T14:12:47+00:00\" \/>\n<meta name=\"twitter:card\" content=\"summary_large_image\" \/>\n<meta name=\"twitter:label1\" content=\"Est. reading time\" \/>\n\t<meta name=\"twitter:data1\" content=\"3 minutes\" \/>\n<script type=\"application\/ld+json\" class=\"yoast-schema-graph\">{\"@context\":\"https:\\\/\\\/schema.org\",\"@graph\":[{\"@type\":\"WebPage\",\"@id\":\"https:\\\/\\\/wgmb.org\\\/en\\\/studien-2012-ch\\\/\",\"url\":\"https:\\\/\\\/wgmb.org\\\/en\\\/studien-2012-ch\\\/\",\"name\":\"Studien der WGMB - Die gro\u00dfen der Branche & Hidden Champions\",\"isPartOf\":{\"@id\":\"https:\\\/\\\/wgmb.org\\\/#website\"},\"datePublished\":\"2018-05-22T11:37:40+00:00\",\"dateModified\":\"2019-01-25T14:12:47+00:00\",\"description\":\"Seit 1998 unterst\u00fctzen wir mit unseren Studien Berater und ihre Kunden, sich erfolgreich im Beratungsmarkt zu bewegen. Dabei haben wir zwei Schwerpunkte gesetzt.\",\"breadcrumb\":{\"@id\":\"https:\\\/\\\/wgmb.org\\\/en\\\/studien-2012-ch\\\/#breadcrumb\"},\"inLanguage\":\"en-US\",\"potentialAction\":[{\"@type\":\"ReadAction\",\"target\":[\"https:\\\/\\\/wgmb.org\\\/en\\\/studien-2012-ch\\\/\"]}]},{\"@type\":\"BreadcrumbList\",\"@id\":\"https:\\\/\\\/wgmb.org\\\/en\\\/studien-2012-ch\\\/#breadcrumb\",\"itemListElement\":[{\"@type\":\"ListItem\",\"position\":1,\"name\":\"Startseite\",\"item\":\"https:\\\/\\\/wgmb.org\\\/en\\\/\"},{\"@type\":\"ListItem\",\"position\":2,\"name\":\"Studien 2012 CH\"}]},{\"@type\":\"WebSite\",\"@id\":\"https:\\\/\\\/wgmb.org\\\/#website\",\"url\":\"https:\\\/\\\/wgmb.org\\\/\",\"name\":\"WGMB\",\"description\":\"Wissenschaftlich. Unabh\u00e4ngig.\",\"potentialAction\":[{\"@type\":\"SearchAction\",\"target\":{\"@type\":\"EntryPoint\",\"urlTemplate\":\"https:\\\/\\\/wgmb.org\\\/?s={search_term_string}\"},\"query-input\":{\"@type\":\"PropertyValueSpecification\",\"valueRequired\":true,\"valueName\":\"search_term_string\"}}],\"inLanguage\":\"en-US\"}]}<\/script>\n<!-- \/ Yoast SEO plugin. -->","yoast_head_json":{"title":"Studien der WGMB - Die gro\u00dfen der Branche & Hidden Champions","description":"Seit 1998 unterst\u00fctzen wir mit unseren Studien Berater und ihre Kunden, sich erfolgreich im Beratungsmarkt zu bewegen. Dabei haben wir zwei Schwerpunkte gesetzt.","robots":{"index":"index","follow":"follow","max-snippet":"max-snippet:-1","max-image-preview":"max-image-preview:large","max-video-preview":"max-video-preview:-1"},"canonical":"https:\/\/wgmb.org\/en\/studien-2012-ch\/","og_locale":"en_US","og_type":"article","og_title":"Studien der WGMB - Die gro\u00dfen der Branche & Hidden Champions","og_description":"Seit 1998 unterst\u00fctzen wir mit unseren Studien Berater und ihre Kunden, sich erfolgreich im Beratungsmarkt zu bewegen. Dabei haben wir zwei Schwerpunkte gesetzt.","og_url":"https:\/\/wgmb.org\/en\/studien-2012-ch\/","og_site_name":"WGMB","article_modified_time":"2019-01-25T14:12:47+00:00","twitter_card":"summary_large_image","twitter_misc":{"Est. reading time":"3 minutes"},"schema":{"@context":"https:\/\/schema.org","@graph":[{"@type":"WebPage","@id":"https:\/\/wgmb.org\/en\/studien-2012-ch\/","url":"https:\/\/wgmb.org\/en\/studien-2012-ch\/","name":"Studien der WGMB - Die gro\u00dfen der Branche & Hidden Champions","isPartOf":{"@id":"https:\/\/wgmb.org\/#website"},"datePublished":"2018-05-22T11:37:40+00:00","dateModified":"2019-01-25T14:12:47+00:00","description":"Seit 1998 unterst\u00fctzen wir mit unseren Studien Berater und ihre Kunden, sich erfolgreich im Beratungsmarkt zu bewegen. Dabei haben wir zwei Schwerpunkte gesetzt.","breadcrumb":{"@id":"https:\/\/wgmb.org\/en\/studien-2012-ch\/#breadcrumb"},"inLanguage":"en-US","potentialAction":[{"@type":"ReadAction","target":["https:\/\/wgmb.org\/en\/studien-2012-ch\/"]}]},{"@type":"BreadcrumbList","@id":"https:\/\/wgmb.org\/en\/studien-2012-ch\/#breadcrumb","itemListElement":[{"@type":"ListItem","position":1,"name":"Startseite","item":"https:\/\/wgmb.org\/en\/"},{"@type":"ListItem","position":2,"name":"Studien 2012 CH"}]},{"@type":"WebSite","@id":"https:\/\/wgmb.org\/#website","url":"https:\/\/wgmb.org\/","name":"WGMB","description":"Wissenschaftlich. Unabh\u00e4ngig.","potentialAction":[{"@type":"SearchAction","target":{"@type":"EntryPoint","urlTemplate":"https:\/\/wgmb.org\/?s={search_term_string}"},"query-input":{"@type":"PropertyValueSpecification","valueRequired":true,"valueName":"search_term_string"}}],"inLanguage":"en-US"}]}},"builder_content":"","_links":{"self":[{"href":"https:\/\/wgmb.org\/en\/wp-json\/wp\/v2\/pages\/2065","targetHints":{"allow":["GET"]}}],"collection":[{"href":"https:\/\/wgmb.org\/en\/wp-json\/wp\/v2\/pages"}],"about":[{"href":"https:\/\/wgmb.org\/en\/wp-json\/wp\/v2\/types\/page"}],"author":[{"embeddable":true,"href":"https:\/\/wgmb.org\/en\/wp-json\/wp\/v2\/users\/1"}],"replies":[{"embeddable":true,"href":"https:\/\/wgmb.org\/en\/wp-json\/wp\/v2\/comments?post=2065"}],"version-history":[{"count":0,"href":"https:\/\/wgmb.org\/en\/wp-json\/wp\/v2\/pages\/2065\/revisions"}],"wp:attachment":[{"href":"https:\/\/wgmb.org\/en\/wp-json\/wp\/v2\/media?parent=2065"}],"curies":[{"name":"wp","href":"https:\/\/api.w.org\/{rel}","templated":true}]}}