{"id":2061,"date":"2018-05-22T10:03:20","date_gmt":"2018-05-22T10:03:20","guid":{"rendered":"https:\/\/wgmb.org\/studien-2013\/"},"modified":"2019-01-25T14:08:45","modified_gmt":"2019-01-25T14:08:45","slug":"studien-2013","status":"publish","type":"page","link":"https:\/\/wgmb.org\/en\/studien-2013\/","title":{"rendered":"Studien 2013"},"content":{"rendered":"<div class=\"wpb-content-wrapper\">[vc_row row_type=&#8221;row&#8221; use_row_as_full_screen_section=&#8221;no&#8221; type=&#8221;full_width&#8221; angled_section=&#8221;no&#8221; text_align=&#8221;left&#8221; background_image_as_pattern=&#8221;without_pattern&#8221;][vc_column]\n\t\t\t<!-- START Studienbaende REVOLUTION SLIDER 6.7.23 --><p class=\"rs-p-wp-fix\"><\/p>\n\t\t\t<rs-module-wrap id=\"rev_slider_59_1_wrapper\" data-source=\"gallery\" style=\"visibility:hidden;background:transparent;padding:0;margin:0px auto;margin-top:0;margin-bottom:0;\">\n\t\t\t\t<rs-module id=\"rev_slider_59_1\" style=\"\" data-version=\"6.7.23\">\n\t\t\t\t\t<rs-slides style=\"overflow: hidden; position: absolute;\">\n\t\t\t\t\t\t<rs-slide style=\"position: absolute;\" data-key=\"rs-102\" data-title=\"Slide\" data-duration=\"6000\" data-in=\"o:0;\">\n\t\t\t\t\t\t\t<img decoding=\"async\" src=\"https:\/\/wgmb.org\/wp-content\/plugins\/revslider\/sr6\/assets\/assets\/dummy.png\" alt=\"\" title=\"Studien 2013\" class=\"rev-slidebg tp-rs-img rs-lazyload\" data-lazyload=\"\/\/wgmb.org\/wp-content\/uploads\/2018\/05\/Explore.png\" data-panzoom=\"d:10000;ss:100;se:120;\" data-no-retina>\n<!---->\t\t\t\t\t<\/rs-slide>\n\t\t\t\t\t<\/rs-slides>\n\t\t\t\t<\/rs-module>\n\t\t\t\t<script>\n\t\t\t\t\tsetREVStartSize({c: 'rev_slider_59_1',rl:[1240,1024,778,480],el:[],gw:[480],gh:[400],type:'standard',justify:'',layout:'fullwidth',mh:\"0\"});if (window.RS_MODULES!==undefined && window.RS_MODULES.modules!==undefined && window.RS_MODULES.modules[\"revslider591\"]!==undefined) {window.RS_MODULES.modules[\"revslider591\"].once = false;window.revapi59 = undefined;if (window.RS_MODULES.checkMinimal!==undefined) window.RS_MODULES.checkMinimal()}\n\t\t\t\t<\/script>\n\t\t\t<\/rs-module-wrap>\n\t\t\t<!-- END REVOLUTION SLIDER -->\n[\/vc_column][\/vc_row][vc_row][vc_column css=&#8221;.vc_custom_1526935394782{padding-top: 100px !important;}&#8221;][vc_column_text]\n<h2>Management Consulting 2013<\/h2>\n[\/vc_column_text][vc_column_text]Wer sind die besten Consultants, wenn es darum geht, Strategien zu entwickeln, Kosten zu senken oder Prozesse zu optimieren? Seit \u00fcber 20 Jahren tragen unsere Studien dazu bei, die Transparenz des Beratungsmarktes zu erh\u00f6hen. Hierzu befragen wir Entscheider aus unterschiedlichen Branchen und Unternehmensgr\u00f6\u00dfen nach ihren Erfahrungen mit den f\u00fchrenden Beratern. In unserer neuesten Studie haben wir die f\u00fcnfzehn f\u00fchrenden Anbieter auf dem deutschen Managementberatungsmarkt evaluiert: McKinsey &amp; Company, die Boston Consulting Group, Roland Berger Strategy Consultants, Bain &amp; Company, Booz &amp; Company, A.T. Kearney, Arthur D. Little, Management Engineers, Oliver Wyman, Accenture, Capgemini Consulting, Deloitte, KPMG, PwC und EY.[\/vc_column_text][\/vc_column][\/vc_row][vc_row][vc_column css=&#8221;.vc_custom_1526936490881{padding-bottom: 20px !important;}&#8221;][vc_column_text]\n<h3>Zum Inhalt der Studie<\/h3>\n[\/vc_column_text][vc_column_text]In der Kernstudie befassen wir uns auch dieses Jahr wieder aus unterschiedlichen Perspektiven \u2013 der eines Vorstands, der eines Budgetverantwortlichen und der eines Projektleiters sowie aus der speziellen Sicht der DAX30-Konzerne \u2013 mit der Leistungsf\u00e4higkeit und den Kompetenzen der oben genannten Berater. Wer von ihnen hat die gr\u00f6\u00dften Kompetenzen in den zehn betrachteten Beratungsfeldern Strategische Planung, Corporate Development, Post Merger Integration, Organisation und F\u00fchrung, Marketing und Vertrieb, Innovation, Operations Management, Corporate Finance, Sanierung und Restrukturierung und Business Technology? In welche dieser Bereiche flie\u00dfen auf Seiten der Kunden die gr\u00f6\u00dften Budgets? Welche Berater sind in welchen Branchen besonders pr\u00e4sent? Wer von ihnen hat die gr\u00f6\u00dfte Marktkenntnis, wer die h\u00f6chste Umsetzungskompetenz? Wer arbeitet am besten im Team, wer hat die besten methodischen, fachlichen und analytischen F\u00e4higkeiten? Wer hat die zufriedensten Kunden? Fragen wie diese werden in der Studie detailliert beantwortet. In \u00fcbersichtlichen Grafiken und Rankings, in denen die jeweils besten f\u00fcnf Berater einer Kategorie aufgef\u00fchrt sind \u2013 denn wir wollen zeigen, welche Berater besonders gut eingesch\u00e4tzt werden, wir wollen jedoch niemanden diskreditieren.[\/vc_column_text][\/vc_column][\/vc_row][vc_row css=&#8221;.vc_custom_1526935448462{padding-bottom: 50px !important;}&#8221;][vc_column width=&#8221;1\/4&#8243;][\/vc_column][vc_column width=&#8221;1\/2&#8243;][vc_column_text]\n<h6><span style=\"color: #808080;\">Werfen Sie einen Blick in die Studie:<\/span><\/h6>\n[\/vc_column_text][vc_column_text]<a href=\"\/en\/?pdfemb-serveurl=https%3A%2F%2Fwgmb.org%2Fwp-content%2Fuploads%2Fsecurepdfs%2F2018%2F05%2FWGMB_MMB_2013.pdf\" class=\"pdfemb-viewer\" style=\"\" data-width=\"max\" data-height=\"max\" data-mobile-width=\"0\"  data-scrollbar=\"none\" data-download=\"off\" data-tracking=\"on\" data-newwindow=\"on\" data-pagetextbox=\"off\" data-scrolltotop=\"off\" data-startzoom=\"100\" data-startfpzoom=\"100\" data-download-nonce=\"bde9cbeb7e\" data-disablerightclick=\"on\" data-toolbar=\"bottom\" data-toolbar-fixed=\"off\">WGMB_MMB_2013<br\/><\/a>[\/vc_column_text][\/vc_column][vc_column width=&#8221;1\/4&#8243;][\/vc_column][\/vc_row][vc_row][vc_column][vc_column_text]\n<h3>Wer hat teilgenommen?<\/h3>\n[\/vc_column_text][vc_column_text]An der Studie haben sich 477 F\u00fchrungskr\u00e4fte deutscher Gro\u00dfunternehmen mit einem Jahresumsatz von mindestens einer Milliarde Euro beteiligt \u2013 darunter 104 F\u00fchrungskr\u00e4fte aus DAX30-Unternehmen. Die Erhebung der Daten erfolgte schriftlich von August bis Oktober 2012 mithilfe eines standardisierten Fragebogens und wurde durch telefonische und pers\u00f6nliche Interviews erg\u00e4nzt. 122 Befragte haben ihre Erfahrungen mit Beratern als Vorst\u00e4nde oder Gesch\u00e4ftsf\u00fchrer gesammelt, 168 als Projektleiter und 174 als Budgetverantwortliche.[\/vc_column_text][\/vc_column][\/vc_row][vc_row][vc_column][vc_column_text]\n<h3>Preise und Bezugsmodalit\u00e4ten<\/h3>\n[\/vc_column_text][vc_column_text]Die Kernstudie, in der auf 1.007 Seiten die \u00fcbergreifenden Ergebnisse, die spezielle Sicht der DAX30-Unternehmen sowie die Perspektiven von Vorst\u00e4nden, Budgetverantwortlichen und Projektleitern dargestellt werden, kostet 2.900,- Euro zzgl. MwSt. Zudem sind Erg\u00e4nzungsb\u00e4nde f\u00fcr die folgenden Branchen zum Preis von jeweils 800,- Euro zzgl. MwSt. erh\u00e4ltlich: Finanzdienstleister (198 Seiten), Chemie und Grundstoffe (191 Seiten), Konsumg\u00fcter und Handel (193 Seiten), Automobilbau und Zulieferindustrie (197 Seiten), Telekommunikation, Medien , IT und High Tech (192 Seiten). Bitte beachten Sie, dass die Branchenb\u00e4nde nicht einzeln bezogen werden k\u00f6nnen, sondern ausschlie\u00dflich in Verbindung mit der Kernstudie. Geliefert wird die Studie in elektronischer Form als PDF-Datei per E-Mail.<\/p>\n<p>Bei Interesse senden Sie bitte eine E-Mail an studien(at)wgmb.org.[\/vc_column_text][\/vc_column][\/vc_row][vc_row][vc_column][vc_separator color=&#8221;custom&#8221; accent_color=&#8221;#cdcdcd&#8221;][vc_column_text]<a href=\"https:\/\/wgmb.org\/en\/grosse-berater\/\">Back to the studies overview<\/a>[\/vc_column_text][\/vc_column][\/vc_row]\n<div id=\"themify_builder_content-2061\" data-postid=\"2061\" class=\"themify_builder_content themify_builder_content-2061 themify_builder\">\n    <\/div>\n<!-- \/themify_builder_content --><\/div>","protected":false},"excerpt":{"rendered":"<p>[vc_row row_type=&#8221;row&#8221; use_row_as_full_screen_section=&#8221;no&#8221; type=&#8221;full_width&#8221; angled_section=&#8221;no&#8221; text_align=&#8221;left&#8221; background_image_as_pattern=&#8221;without_pattern&#8221;][vc_column][\/vc_column][\/vc_row][vc_row][vc_column css=&#8221;.vc_custom_1526935394782{padding-top: 100px !important;}&#8221;][vc_column_text] Management Consulting 2013 [\/vc_column_text][vc_column_text]Wer sind die besten Consultants, wenn es darum geht, Strategien zu entwickeln, Kosten zu senken oder Prozesse zu optimieren? Seit \u00fcber 20 Jahren tragen unsere Studien dazu bei, die Transparenz des Beratungsmarktes zu erh\u00f6hen. Hierzu befragen wir Entscheider aus unterschiedlichen Branchen und [&hellip;]<\/p>\n","protected":false},"author":1,"featured_media":0,"parent":0,"menu_order":0,"comment_status":"closed","ping_status":"closed","template":"","meta":{"footnotes":""},"class_list":["post-2061","page","type-page","status-publish","hentry","has-post-title","has-post-date","has-post-category","has-post-tag","has-post-comment","has-post-author",""],"yoast_head":"<!-- This site is optimized with the Yoast SEO plugin v27.3 - https:\/\/yoast.com\/product\/yoast-seo-wordpress\/ -->\n<title>Studien der WGMB - Die gro\u00dfen der Branche &amp; Hidden Champions<\/title>\n<meta name=\"description\" content=\"Seit 1998 unterst\u00fctzen wir mit unseren Studien Berater und ihre Kunden, sich erfolgreich im Beratungsmarkt zu bewegen. Dabei haben wir zwei Schwerpunkte gesetzt.\" \/>\n<meta name=\"robots\" content=\"index, follow, max-snippet:-1, max-image-preview:large, max-video-preview:-1\" \/>\n<link rel=\"canonical\" href=\"https:\/\/wgmb.org\/en\/studien-2013\/\" \/>\n<meta property=\"og:locale\" content=\"en_US\" \/>\n<meta property=\"og:type\" content=\"article\" \/>\n<meta property=\"og:title\" content=\"Studien der WGMB - Die gro\u00dfen der Branche &amp; Hidden Champions\" \/>\n<meta property=\"og:description\" content=\"Seit 1998 unterst\u00fctzen wir mit unseren Studien Berater und ihre Kunden, sich erfolgreich im Beratungsmarkt zu bewegen. Dabei haben wir zwei Schwerpunkte gesetzt.\" \/>\n<meta property=\"og:url\" content=\"https:\/\/wgmb.org\/en\/studien-2013\/\" \/>\n<meta property=\"og:site_name\" content=\"WGMB\" \/>\n<meta property=\"article:modified_time\" content=\"2019-01-25T14:08:45+00:00\" \/>\n<meta name=\"twitter:card\" content=\"summary_large_image\" \/>\n<meta name=\"twitter:label1\" content=\"Est. reading time\" \/>\n\t<meta name=\"twitter:data1\" content=\"3 minutes\" \/>\n<script type=\"application\/ld+json\" class=\"yoast-schema-graph\">{\"@context\":\"https:\\\/\\\/schema.org\",\"@graph\":[{\"@type\":\"WebPage\",\"@id\":\"https:\\\/\\\/wgmb.org\\\/en\\\/studien-2013\\\/\",\"url\":\"https:\\\/\\\/wgmb.org\\\/en\\\/studien-2013\\\/\",\"name\":\"Studien der WGMB - Die gro\u00dfen der Branche & Hidden Champions\",\"isPartOf\":{\"@id\":\"https:\\\/\\\/wgmb.org\\\/#website\"},\"datePublished\":\"2018-05-22T10:03:20+00:00\",\"dateModified\":\"2019-01-25T14:08:45+00:00\",\"description\":\"Seit 1998 unterst\u00fctzen wir mit unseren Studien Berater und ihre Kunden, sich erfolgreich im Beratungsmarkt zu bewegen. Dabei haben wir zwei Schwerpunkte gesetzt.\",\"breadcrumb\":{\"@id\":\"https:\\\/\\\/wgmb.org\\\/en\\\/studien-2013\\\/#breadcrumb\"},\"inLanguage\":\"en-US\",\"potentialAction\":[{\"@type\":\"ReadAction\",\"target\":[\"https:\\\/\\\/wgmb.org\\\/en\\\/studien-2013\\\/\"]}]},{\"@type\":\"BreadcrumbList\",\"@id\":\"https:\\\/\\\/wgmb.org\\\/en\\\/studien-2013\\\/#breadcrumb\",\"itemListElement\":[{\"@type\":\"ListItem\",\"position\":1,\"name\":\"Startseite\",\"item\":\"https:\\\/\\\/wgmb.org\\\/en\\\/\"},{\"@type\":\"ListItem\",\"position\":2,\"name\":\"Studien 2013\"}]},{\"@type\":\"WebSite\",\"@id\":\"https:\\\/\\\/wgmb.org\\\/#website\",\"url\":\"https:\\\/\\\/wgmb.org\\\/\",\"name\":\"WGMB\",\"description\":\"Wissenschaftlich. Unabh\u00e4ngig.\",\"potentialAction\":[{\"@type\":\"SearchAction\",\"target\":{\"@type\":\"EntryPoint\",\"urlTemplate\":\"https:\\\/\\\/wgmb.org\\\/?s={search_term_string}\"},\"query-input\":{\"@type\":\"PropertyValueSpecification\",\"valueRequired\":true,\"valueName\":\"search_term_string\"}}],\"inLanguage\":\"en-US\"}]}<\/script>\n<!-- \/ Yoast SEO plugin. -->","yoast_head_json":{"title":"Studien der WGMB - Die gro\u00dfen der Branche & Hidden Champions","description":"Seit 1998 unterst\u00fctzen wir mit unseren Studien Berater und ihre Kunden, sich erfolgreich im Beratungsmarkt zu bewegen. Dabei haben wir zwei Schwerpunkte gesetzt.","robots":{"index":"index","follow":"follow","max-snippet":"max-snippet:-1","max-image-preview":"max-image-preview:large","max-video-preview":"max-video-preview:-1"},"canonical":"https:\/\/wgmb.org\/en\/studien-2013\/","og_locale":"en_US","og_type":"article","og_title":"Studien der WGMB - Die gro\u00dfen der Branche & Hidden Champions","og_description":"Seit 1998 unterst\u00fctzen wir mit unseren Studien Berater und ihre Kunden, sich erfolgreich im Beratungsmarkt zu bewegen. Dabei haben wir zwei Schwerpunkte gesetzt.","og_url":"https:\/\/wgmb.org\/en\/studien-2013\/","og_site_name":"WGMB","article_modified_time":"2019-01-25T14:08:45+00:00","twitter_card":"summary_large_image","twitter_misc":{"Est. reading time":"3 minutes"},"schema":{"@context":"https:\/\/schema.org","@graph":[{"@type":"WebPage","@id":"https:\/\/wgmb.org\/en\/studien-2013\/","url":"https:\/\/wgmb.org\/en\/studien-2013\/","name":"Studien der WGMB - Die gro\u00dfen der Branche & Hidden Champions","isPartOf":{"@id":"https:\/\/wgmb.org\/#website"},"datePublished":"2018-05-22T10:03:20+00:00","dateModified":"2019-01-25T14:08:45+00:00","description":"Seit 1998 unterst\u00fctzen wir mit unseren Studien Berater und ihre Kunden, sich erfolgreich im Beratungsmarkt zu bewegen. Dabei haben wir zwei Schwerpunkte gesetzt.","breadcrumb":{"@id":"https:\/\/wgmb.org\/en\/studien-2013\/#breadcrumb"},"inLanguage":"en-US","potentialAction":[{"@type":"ReadAction","target":["https:\/\/wgmb.org\/en\/studien-2013\/"]}]},{"@type":"BreadcrumbList","@id":"https:\/\/wgmb.org\/en\/studien-2013\/#breadcrumb","itemListElement":[{"@type":"ListItem","position":1,"name":"Startseite","item":"https:\/\/wgmb.org\/en\/"},{"@type":"ListItem","position":2,"name":"Studien 2013"}]},{"@type":"WebSite","@id":"https:\/\/wgmb.org\/#website","url":"https:\/\/wgmb.org\/","name":"WGMB","description":"Wissenschaftlich. Unabh\u00e4ngig.","potentialAction":[{"@type":"SearchAction","target":{"@type":"EntryPoint","urlTemplate":"https:\/\/wgmb.org\/?s={search_term_string}"},"query-input":{"@type":"PropertyValueSpecification","valueRequired":true,"valueName":"search_term_string"}}],"inLanguage":"en-US"}]}},"builder_content":"","_links":{"self":[{"href":"https:\/\/wgmb.org\/en\/wp-json\/wp\/v2\/pages\/2061","targetHints":{"allow":["GET"]}}],"collection":[{"href":"https:\/\/wgmb.org\/en\/wp-json\/wp\/v2\/pages"}],"about":[{"href":"https:\/\/wgmb.org\/en\/wp-json\/wp\/v2\/types\/page"}],"author":[{"embeddable":true,"href":"https:\/\/wgmb.org\/en\/wp-json\/wp\/v2\/users\/1"}],"replies":[{"embeddable":true,"href":"https:\/\/wgmb.org\/en\/wp-json\/wp\/v2\/comments?post=2061"}],"version-history":[{"count":0,"href":"https:\/\/wgmb.org\/en\/wp-json\/wp\/v2\/pages\/2061\/revisions"}],"wp:attachment":[{"href":"https:\/\/wgmb.org\/en\/wp-json\/wp\/v2\/media?parent=2061"}],"curies":[{"name":"wp","href":"https:\/\/api.w.org\/{rel}","templated":true}]}}