{"id":2041,"date":"2018-05-22T09:47:47","date_gmt":"2018-05-22T09:47:47","guid":{"rendered":"https:\/\/wgmb.org\/studien-2018\/"},"modified":"2019-01-25T14:00:34","modified_gmt":"2019-01-25T14:00:34","slug":"studien-2018","status":"publish","type":"page","link":"https:\/\/wgmb.org\/en\/studien-2018\/","title":{"rendered":"Studien 2018"},"content":{"rendered":"<div class=\"wpb-content-wrapper\">[vc_row row_type=&#8221;row&#8221; use_row_as_full_screen_section=&#8221;no&#8221; type=&#8221;full_width&#8221; angled_section=&#8221;no&#8221; text_align=&#8221;left&#8221; background_image_as_pattern=&#8221;without_pattern&#8221;][vc_column]\n\t\t\t<!-- START Studienbaende REVOLUTION SLIDER 6.7.23 --><p class=\"rs-p-wp-fix\"><\/p>\n\t\t\t<rs-module-wrap id=\"rev_slider_59_1_wrapper\" data-source=\"gallery\" style=\"visibility:hidden;background:transparent;padding:0;margin:0px auto;margin-top:0;margin-bottom:0;\">\n\t\t\t\t<rs-module id=\"rev_slider_59_1\" style=\"\" data-version=\"6.7.23\">\n\t\t\t\t\t<rs-slides style=\"overflow: hidden; position: absolute;\">\n\t\t\t\t\t\t<rs-slide style=\"position: absolute;\" data-key=\"rs-102\" data-title=\"Slide\" data-duration=\"6000\" data-in=\"o:0;\">\n\t\t\t\t\t\t\t<img decoding=\"async\" src=\"https:\/\/wgmb.org\/wp-content\/plugins\/revslider\/sr6\/assets\/assets\/dummy.png\" alt=\"\" title=\"Studien 2018\" class=\"rev-slidebg tp-rs-img rs-lazyload\" data-lazyload=\"\/\/wgmb.org\/wp-content\/uploads\/2018\/05\/Explore.png\" data-panzoom=\"d:10000;ss:100;se:120;\" data-no-retina>\n<!---->\t\t\t\t\t<\/rs-slide>\n\t\t\t\t\t<\/rs-slides>\n\t\t\t\t<\/rs-module>\n\t\t\t\t<script>\n\t\t\t\t\tsetREVStartSize({c: 'rev_slider_59_1',rl:[1240,1024,778,480],el:[],gw:[480],gh:[400],type:'standard',justify:'',layout:'fullwidth',mh:\"0\"});if (window.RS_MODULES!==undefined && window.RS_MODULES.modules!==undefined && window.RS_MODULES.modules[\"revslider591\"]!==undefined) {window.RS_MODULES.modules[\"revslider591\"].once = false;window.revapi59 = undefined;if (window.RS_MODULES.checkMinimal!==undefined) window.RS_MODULES.checkMinimal()}\n\t\t\t\t<\/script>\n\t\t\t<\/rs-module-wrap>\n\t\t\t<!-- END REVOLUTION SLIDER -->\n[\/vc_column][\/vc_row][vc_row][vc_column css=&#8221;.vc_custom_1526991581404{padding-top: 100px !important;padding-bottom: 20px !important;}&#8221;][vc_column_text]\n<h2>Deutschlands beste Wirtschaftspr\u00fcfer 2018<\/h2>\n[\/vc_column_text][vc_column_text]Wirtschaftspr\u00fcfer erleben momentan turbulente Zeiten. Selten zuvor waren sie mit vergleichbaren Umbr\u00fcchen konfrontiert. Fusionen ver\u00e4ndern die Struktur der Branche, die Rotationspflicht versch\u00e4rft den Wettbewerb, die Digitalisierung er\u00f6ffnet neue M\u00f6glichkeiten bei der Gestaltung von Pr\u00fcfungs- und Beratungsleistungen. Viele Wirtschaftspr\u00fcfungsgesellschaften haben sich in diesem Zuge zu wahren Beratungsgiganten entwickelt \u2013 mit einem Leistungsspektrum, das von der klassischen Rechnungslegung \u00fcber regulatorische und technologische Fragen bis hin zu betriebswirtschaftlichen Spezialthemen reicht. Mit der Leistungsvielfalt steigt jedoch auch die Intransparenz. Selbst erfahrene F\u00fchrungskr\u00e4fte haben es nicht leicht, sich ein Urteil dar\u00fcber zu bilden, in welchen Bereichen die speziellen St\u00e4rken und Schw\u00e4chen einzelner Firmen liegen.<\/p>\n<p>In der bislang umfassendsten Studie ihrer Art haben wir die Erfahrungen geb\u00fcndelt, die gro\u00dfe Konzerne und mittelst\u00e4ndische Unternehmen mit den wichtigsten Akteuren des Marktes in unterschiedlichen Bereichen gesammelt haben.[\/vc_column_text][\/vc_column][\/vc_row][vc_row css=&#8221;.vc_custom_1526935448462{padding-bottom: 50px !important;}&#8221;][vc_column width=&#8221;1\/4&#8243;][\/vc_column][vc_column width=&#8221;1\/2&#8243;][vc_column_text]\n<h6><span style=\"color: #808080;\">Werfen Sie einen Blick in die Studie:<\/span><\/h6>\n[\/vc_column_text][vc_column_text]<a href=\"\/en\/?pdfemb-serveurl=https%3A%2F%2Fwgmb.org%2Fwp-content%2Fuploads%2Fsecurepdfs%2F2018%2F05%2FWGMB_WP_2018.pdf\" class=\"pdfemb-viewer\" style=\"\" data-width=\"max\" data-height=\"max\" data-mobile-width=\"0\"  data-scrollbar=\"none\" data-download=\"off\" data-tracking=\"on\" data-newwindow=\"on\" data-pagetextbox=\"off\" data-scrolltotop=\"off\" data-startzoom=\"100\" data-startfpzoom=\"100\" data-download-nonce=\"a5459aba11\" data-disablerightclick=\"on\" data-toolbar=\"bottom\" data-toolbar-fixed=\"off\">WGMB_WP_2018<br\/><\/a>[\/vc_column_text][\/vc_column][vc_column width=&#8221;1\/4&#8243;][\/vc_column][\/vc_row][vc_row][vc_column][vc_column_text]\n<h3>Zum Inhalt der Studie<\/h3>\n[\/vc_column_text][vc_column_text]Bei der Analyse der Wirtschaftspr\u00fcferbranche haben wir zwei Segmenten besondere Aufmerksamkeit geschenkt: den Champions und den Challengern. Als Champions bezeichnen wir die 25 umsatzst\u00e4rksten Wirtschaftspr\u00fcfungsgesellschaften auf dem deutschen Markt. Challenger sind kleine und mittelgro\u00dfe Gesellschaften, die sich in mindestens einem Fachgebiet durch besondere Leistungen hervorgetan haben.<\/p>\n<p>Analysiert wurden von uns die Kompetenzen in den folgenden Bereichen: Audit (Rechnungslegung und Jahresabschlusspr\u00fcfung, freiwillige Pr\u00fcfungen und Bescheinigungen), Tax (Steuergestaltung, personalbezogene steuerliche Beratung), Advisory (betriebswirtschaftliche Beratung, IT-Beratung), Corporate Finance (Transaktionsberatung, Sanierungs- und Restrukturierungsberatung), Legal (Arbeitsrecht, Au\u00dfenwirtschaftsrecht, Bank-, Finanz- und Kapitalmarktrecht etc.) sowie Digitale Transformation (digitale Gesch\u00e4ftsmodelle und -prozesse).<\/p>\n<p>Um eine Teilnahme an der Studie konnten sich die betrachteten Wirtschaftspr\u00fcfungsgesellschaften nicht bewerben. Die Champions wurden von uns aufgrund ihrer Umsatzzahlen ausgew\u00e4hlt. In der Kategorie Challenger war eine Evaluation nur auf Einladung m\u00f6glich. Durch eine Befragung von \u00fcber 1.000 F\u00fchrungskr\u00e4ften aus deutschen Gro\u00dfunternehmen und aus dem Mittelstand haben wir einen exklusiven Kreis von Wirtschaftspr\u00fcfern herausgefiltert, die sich f\u00fcr die Aufnahme in die Studie qualifiziert haben.[\/vc_column_text][\/vc_column][\/vc_row][vc_row][vc_column][vc_column_text]\n<h3>Wer hat teilgenommen?<\/h3>\n[\/vc_column_text][vc_column_text]1.155 Entscheider haben uns von Oktober 2017 bis Januar 2018 online, telefonisch und pers\u00f6nlich Auskunft zu ihren Erfahrungen mit den betrachteten Pr\u00fcfern in den oben genannten Fachgebieten gegeben. Die Befragten wurden nach der N\u00e4he ihres Funktionsbereiches zu den Aufgaben der Pr\u00fcfer ausgew\u00e4hlt. Dazu geh\u00f6ren unter anderem Finanzvorst\u00e4nde, Gesch\u00e4ftsf\u00fchrer, Leiter von Controlling, Rechnungswesen und Rechtsabteilungen.<\/p>\n<h5><a href=\"http:\/\/www.manager-magazin.de\/static\/pdf\/mm_wirtschaftspruefer_2018.pdf\" target=\"_blank\" rel=\"noopener\">Lesen Sie hier das Sonderheft des Manager Magazings zur Studie.<\/a><\/h5>\n[\/vc_column_text][\/vc_column][\/vc_row][vc_row][vc_column][vc_separator color=&#8221;custom&#8221; accent_color=&#8221;#cdcdcd&#8221;][vc_column_text]<a href=\"https:\/\/wgmb.org\/en\/grosse-berater\/\">Back to the studies overview<\/a>[\/vc_column_text][\/vc_column][\/vc_row]\n<div id=\"themify_builder_content-2041\" data-postid=\"2041\" class=\"themify_builder_content themify_builder_content-2041 themify_builder\">\n    <\/div>\n<!-- \/themify_builder_content --><\/div>","protected":false},"excerpt":{"rendered":"<p>[vc_row row_type=&#8221;row&#8221; use_row_as_full_screen_section=&#8221;no&#8221; type=&#8221;full_width&#8221; angled_section=&#8221;no&#8221; text_align=&#8221;left&#8221; background_image_as_pattern=&#8221;without_pattern&#8221;][vc_column][\/vc_column][\/vc_row][vc_row][vc_column css=&#8221;.vc_custom_1526991581404{padding-top: 100px !important;padding-bottom: 20px !important;}&#8221;][vc_column_text] Deutschlands beste Wirtschaftspr\u00fcfer 2018 [\/vc_column_text][vc_column_text]Wirtschaftspr\u00fcfer erleben momentan turbulente Zeiten. Selten zuvor waren sie mit vergleichbaren Umbr\u00fcchen konfrontiert. Fusionen ver\u00e4ndern die Struktur der Branche, die Rotationspflicht versch\u00e4rft den Wettbewerb, die Digitalisierung er\u00f6ffnet neue M\u00f6glichkeiten bei der Gestaltung von Pr\u00fcfungs- und Beratungsleistungen. Viele Wirtschaftspr\u00fcfungsgesellschaften haben [&hellip;]<\/p>\n","protected":false},"author":1,"featured_media":0,"parent":0,"menu_order":0,"comment_status":"closed","ping_status":"closed","template":"","meta":{"footnotes":""},"class_list":["post-2041","page","type-page","status-publish","hentry","has-post-title","has-post-date","has-post-category","has-post-tag","has-post-comment","has-post-author",""],"yoast_head":"<!-- This site is optimized with the Yoast SEO plugin v27.3 - https:\/\/yoast.com\/product\/yoast-seo-wordpress\/ -->\n<title>Studien der WGMB - Die gro\u00dfen der Branche &amp; Hidden Champions<\/title>\n<meta name=\"description\" content=\"Seit 1998 unterst\u00fctzen wir mit unseren Studien Berater und ihre Kunden, sich erfolgreich im Beratungsmarkt zu bewegen. Dabei haben wir zwei Schwerpunkte gesetzt.\" \/>\n<meta name=\"robots\" content=\"index, follow, max-snippet:-1, max-image-preview:large, max-video-preview:-1\" \/>\n<link rel=\"canonical\" href=\"https:\/\/wgmb.org\/en\/studien-2018\/\" \/>\n<meta property=\"og:locale\" content=\"en_US\" \/>\n<meta property=\"og:type\" content=\"article\" \/>\n<meta property=\"og:title\" content=\"Studien der WGMB - Die gro\u00dfen der Branche &amp; Hidden Champions\" \/>\n<meta property=\"og:description\" content=\"Seit 1998 unterst\u00fctzen wir mit unseren Studien Berater und ihre Kunden, sich erfolgreich im Beratungsmarkt zu bewegen. Dabei haben wir zwei Schwerpunkte gesetzt.\" \/>\n<meta property=\"og:url\" content=\"https:\/\/wgmb.org\/en\/studien-2018\/\" \/>\n<meta property=\"og:site_name\" content=\"WGMB\" \/>\n<meta property=\"article:modified_time\" content=\"2019-01-25T14:00:34+00:00\" \/>\n<meta name=\"twitter:card\" content=\"summary_large_image\" \/>\n<meta name=\"twitter:label1\" content=\"Est. reading time\" \/>\n\t<meta name=\"twitter:data1\" content=\"3 minutes\" \/>\n<script type=\"application\/ld+json\" class=\"yoast-schema-graph\">{\"@context\":\"https:\\\/\\\/schema.org\",\"@graph\":[{\"@type\":\"WebPage\",\"@id\":\"https:\\\/\\\/wgmb.org\\\/en\\\/studien-2018\\\/\",\"url\":\"https:\\\/\\\/wgmb.org\\\/en\\\/studien-2018\\\/\",\"name\":\"Studien der WGMB - Die gro\u00dfen der Branche & Hidden Champions\",\"isPartOf\":{\"@id\":\"https:\\\/\\\/wgmb.org\\\/#website\"},\"datePublished\":\"2018-05-22T09:47:47+00:00\",\"dateModified\":\"2019-01-25T14:00:34+00:00\",\"description\":\"Seit 1998 unterst\u00fctzen wir mit unseren Studien Berater und ihre Kunden, sich erfolgreich im Beratungsmarkt zu bewegen. Dabei haben wir zwei Schwerpunkte gesetzt.\",\"breadcrumb\":{\"@id\":\"https:\\\/\\\/wgmb.org\\\/en\\\/studien-2018\\\/#breadcrumb\"},\"inLanguage\":\"en-US\",\"potentialAction\":[{\"@type\":\"ReadAction\",\"target\":[\"https:\\\/\\\/wgmb.org\\\/en\\\/studien-2018\\\/\"]}]},{\"@type\":\"BreadcrumbList\",\"@id\":\"https:\\\/\\\/wgmb.org\\\/en\\\/studien-2018\\\/#breadcrumb\",\"itemListElement\":[{\"@type\":\"ListItem\",\"position\":1,\"name\":\"Startseite\",\"item\":\"https:\\\/\\\/wgmb.org\\\/en\\\/\"},{\"@type\":\"ListItem\",\"position\":2,\"name\":\"Studien 2018\"}]},{\"@type\":\"WebSite\",\"@id\":\"https:\\\/\\\/wgmb.org\\\/#website\",\"url\":\"https:\\\/\\\/wgmb.org\\\/\",\"name\":\"WGMB\",\"description\":\"Wissenschaftlich. Unabh\u00e4ngig.\",\"potentialAction\":[{\"@type\":\"SearchAction\",\"target\":{\"@type\":\"EntryPoint\",\"urlTemplate\":\"https:\\\/\\\/wgmb.org\\\/?s={search_term_string}\"},\"query-input\":{\"@type\":\"PropertyValueSpecification\",\"valueRequired\":true,\"valueName\":\"search_term_string\"}}],\"inLanguage\":\"en-US\"}]}<\/script>\n<!-- \/ Yoast SEO plugin. -->","yoast_head_json":{"title":"Studien der WGMB - Die gro\u00dfen der Branche & Hidden Champions","description":"Seit 1998 unterst\u00fctzen wir mit unseren Studien Berater und ihre Kunden, sich erfolgreich im Beratungsmarkt zu bewegen. Dabei haben wir zwei Schwerpunkte gesetzt.","robots":{"index":"index","follow":"follow","max-snippet":"max-snippet:-1","max-image-preview":"max-image-preview:large","max-video-preview":"max-video-preview:-1"},"canonical":"https:\/\/wgmb.org\/en\/studien-2018\/","og_locale":"en_US","og_type":"article","og_title":"Studien der WGMB - Die gro\u00dfen der Branche & Hidden Champions","og_description":"Seit 1998 unterst\u00fctzen wir mit unseren Studien Berater und ihre Kunden, sich erfolgreich im Beratungsmarkt zu bewegen. Dabei haben wir zwei Schwerpunkte gesetzt.","og_url":"https:\/\/wgmb.org\/en\/studien-2018\/","og_site_name":"WGMB","article_modified_time":"2019-01-25T14:00:34+00:00","twitter_card":"summary_large_image","twitter_misc":{"Est. reading time":"3 minutes"},"schema":{"@context":"https:\/\/schema.org","@graph":[{"@type":"WebPage","@id":"https:\/\/wgmb.org\/en\/studien-2018\/","url":"https:\/\/wgmb.org\/en\/studien-2018\/","name":"Studien der WGMB - Die gro\u00dfen der Branche & Hidden Champions","isPartOf":{"@id":"https:\/\/wgmb.org\/#website"},"datePublished":"2018-05-22T09:47:47+00:00","dateModified":"2019-01-25T14:00:34+00:00","description":"Seit 1998 unterst\u00fctzen wir mit unseren Studien Berater und ihre Kunden, sich erfolgreich im Beratungsmarkt zu bewegen. Dabei haben wir zwei Schwerpunkte gesetzt.","breadcrumb":{"@id":"https:\/\/wgmb.org\/en\/studien-2018\/#breadcrumb"},"inLanguage":"en-US","potentialAction":[{"@type":"ReadAction","target":["https:\/\/wgmb.org\/en\/studien-2018\/"]}]},{"@type":"BreadcrumbList","@id":"https:\/\/wgmb.org\/en\/studien-2018\/#breadcrumb","itemListElement":[{"@type":"ListItem","position":1,"name":"Startseite","item":"https:\/\/wgmb.org\/en\/"},{"@type":"ListItem","position":2,"name":"Studien 2018"}]},{"@type":"WebSite","@id":"https:\/\/wgmb.org\/#website","url":"https:\/\/wgmb.org\/","name":"WGMB","description":"Wissenschaftlich. Unabh\u00e4ngig.","potentialAction":[{"@type":"SearchAction","target":{"@type":"EntryPoint","urlTemplate":"https:\/\/wgmb.org\/?s={search_term_string}"},"query-input":{"@type":"PropertyValueSpecification","valueRequired":true,"valueName":"search_term_string"}}],"inLanguage":"en-US"}]}},"builder_content":"","_links":{"self":[{"href":"https:\/\/wgmb.org\/en\/wp-json\/wp\/v2\/pages\/2041","targetHints":{"allow":["GET"]}}],"collection":[{"href":"https:\/\/wgmb.org\/en\/wp-json\/wp\/v2\/pages"}],"about":[{"href":"https:\/\/wgmb.org\/en\/wp-json\/wp\/v2\/types\/page"}],"author":[{"embeddable":true,"href":"https:\/\/wgmb.org\/en\/wp-json\/wp\/v2\/users\/1"}],"replies":[{"embeddable":true,"href":"https:\/\/wgmb.org\/en\/wp-json\/wp\/v2\/comments?post=2041"}],"version-history":[{"count":0,"href":"https:\/\/wgmb.org\/en\/wp-json\/wp\/v2\/pages\/2041\/revisions"}],"wp:attachment":[{"href":"https:\/\/wgmb.org\/en\/wp-json\/wp\/v2\/media?parent=2041"}],"curies":[{"name":"wp","href":"https:\/\/api.w.org\/{rel}","templated":true}]}}