{"id":2037,"date":"2018-05-22T10:34:46","date_gmt":"2018-05-22T10:34:46","guid":{"rendered":"https:\/\/wgmb.org\/studien-2010\/"},"modified":"2019-01-25T13:58:37","modified_gmt":"2019-01-25T13:58:37","slug":"studien-2010","status":"publish","type":"page","link":"https:\/\/wgmb.org\/en\/studien-2010\/","title":{"rendered":"Studien 2010"},"content":{"rendered":"<div class=\"wpb-content-wrapper\">[vc_row row_type=&#8221;row&#8221; use_row_as_full_screen_section=&#8221;no&#8221; type=&#8221;full_width&#8221; angled_section=&#8221;no&#8221; text_align=&#8221;left&#8221; background_image_as_pattern=&#8221;without_pattern&#8221;][vc_column]\n\t\t\t<!-- START Studienbaende REVOLUTION SLIDER 6.7.23 --><p class=\"rs-p-wp-fix\"><\/p>\n\t\t\t<rs-module-wrap id=\"rev_slider_59_1_wrapper\" data-source=\"gallery\" style=\"visibility:hidden;background:transparent;padding:0;margin:0px auto;margin-top:0;margin-bottom:0;\">\n\t\t\t\t<rs-module id=\"rev_slider_59_1\" style=\"\" data-version=\"6.7.23\">\n\t\t\t\t\t<rs-slides style=\"overflow: hidden; position: absolute;\">\n\t\t\t\t\t\t<rs-slide style=\"position: absolute;\" data-key=\"rs-102\" data-title=\"Slide\" data-duration=\"6000\" data-in=\"o:0;\">\n\t\t\t\t\t\t\t<img decoding=\"async\" src=\"https:\/\/wgmb.org\/wp-content\/plugins\/revslider\/sr6\/assets\/assets\/dummy.png\" alt=\"\" title=\"Studien 2010\" class=\"rev-slidebg tp-rs-img rs-lazyload\" data-lazyload=\"\/\/wgmb.org\/wp-content\/uploads\/2018\/05\/Explore.png\" data-panzoom=\"d:10000;ss:100;se:120;\" data-no-retina>\n<!---->\t\t\t\t\t<\/rs-slide>\n\t\t\t\t\t<\/rs-slides>\n\t\t\t\t<\/rs-module>\n\t\t\t\t<script>\n\t\t\t\t\tsetREVStartSize({c: 'rev_slider_59_1',rl:[1240,1024,778,480],el:[],gw:[480],gh:[400],type:'standard',justify:'',layout:'fullwidth',mh:\"0\"});if (window.RS_MODULES!==undefined && window.RS_MODULES.modules!==undefined && window.RS_MODULES.modules[\"revslider591\"]!==undefined) {window.RS_MODULES.modules[\"revslider591\"].once = false;window.revapi59 = undefined;if (window.RS_MODULES.checkMinimal!==undefined) window.RS_MODULES.checkMinimal()}\n\t\t\t\t<\/script>\n\t\t\t<\/rs-module-wrap>\n\t\t\t<!-- END REVOLUTION SLIDER -->\n[\/vc_column][\/vc_row][vc_row][vc_column css=&#8221;.vc_custom_1526935394782{padding-top: 100px !important;}&#8221;][vc_column_text]\n<h2>Wirtschaftspr\u00fcfung 2010<\/h2>\n[\/vc_column_text][vc_column_text]PwC, KPMG, Ernst &amp; Young, Deloitte&#8230;? Wenn Unternehmen einen Wirtschaftspr\u00fcfer ausw\u00e4hlen, kommen die \u201eBig 4\u201c der Branche h\u00e4ufig wie von selbst in die engere Wahl. Doch insgesamt ist der Markt alles andere als leicht zu \u00fcberblicken. Gerade im Zeichen der aktuellen Krise ist es wichtiger denn je, die Auswahl der eingesetzten Pr\u00fcfer und Berater auf eine fundierte Basis zu stellen. Wer sind die besten Firmen, wenn es darum geht, Bilanzen zu pr\u00fcfen, Steuerzahlungen zu optimieren oder die betriebswirtschaftliche Leistung zu steigern? Seit 1998 tragen unsere Studien dazu bei, die Transparenz der Professional-Service-Branche zu erh\u00f6hen \u2013 indem wir die Kenntnisse und Einsch\u00e4tzungen erfahrener F\u00fchrungskr\u00e4fte analysieren und konsolidieren. In diesem Jahr haben wir uns zum ersten Mal gro\u00dfen und mittelgro\u00dfen Wirtschaftspr\u00fcfungsgesellschaften gewidmet: Wie gut sind BDO, Deloitte, Ebner Stolz M\u00f6nning Bachem, Ernst &amp; Young, KPMG, Mazars Hemmelrath, PKF Fasselt Schlage, PwC, R\u00f6dl &amp; Partner, R\u00f6lfsPartner, Susat &amp; Partner und Warth &amp; Klein in den Augen ihrer Kunden?[\/vc_column_text][\/vc_column][\/vc_row][vc_row][vc_column css=&#8221;.vc_custom_1526936490881{padding-bottom: 20px !important;}&#8221;][vc_column_text]\n<h3>Zum Inhalt der Studie<\/h3>\n[\/vc_column_text][vc_column_text]Auf 279 Seiten gibt unsere Studie einen umfassenden Einblick in die Kompetenzen der wichtigsten Wirtschaftspr\u00fcfungsgesellschaften. 342 F\u00fchrungskr\u00e4fte haben uns detailliert Auskunft gegeben zu ihren Erfahrungen aus \u00fcber 2.000 Projekten. Evaluiert wurden die betrachteten Wirtschaftspr\u00fcfer in den Bereichen Audit, Tax und Advisory sowie in den zwei \u00fcbergreifenden Themenfeldern Corporate Social Responsibility sowie Risikomanagement und Compliance. Welchen Wirtschaftspr\u00fcfern werden etwa die gr\u00f6\u00dften Kompetenzen in der nationalen und internationalen Rechnungslegung zugesprochen? Wer besitzt die gr\u00f6\u00dfte Qualifikation in der Transaktionsberatung, der Restrukturierung und der betrieblichen Leistungssteigerung? Welche Firmen sind am Markt besonders pr\u00e4sent? Wer von ihnen hat die gr\u00f6\u00dfte Branchenkenntnis, wer die h\u00f6chste Fachkompetenz? Wer arbeitet am besten im Team, wer hat die besten methodischen und analytischen F\u00e4higkeiten? Wer hat die zufriedensten Kunden? Fragen wie diese werden in der Studie detailliert beantwortet: In \u00fcbersichtlichen Grafiken und Rankings, in denen die jeweils besten acht Firmen einer Kategorie aufgef\u00fchrt sind.[\/vc_column_text][\/vc_column][\/vc_row][vc_row css=&#8221;.vc_custom_1526935448462{padding-bottom: 50px !important;}&#8221;][vc_column width=&#8221;1\/4&#8243;][\/vc_column][vc_column width=&#8221;1\/2&#8243;][vc_column_text]\n<h6><span style=\"color: #808080;\">Werfen Sie einen Blick in die Studie:<\/span><\/h6>\n[\/vc_column_text][vc_column_text]<a href=\"\/en\/?pdfemb-serveurl=https%3A%2F%2Fwgmb.org%2Fwp-content%2Fuploads%2Fsecurepdfs%2F2018%2F05%2FWGMB_WP_2010.pdf\" class=\"pdfemb-viewer\" style=\"\" data-width=\"max\" data-height=\"max\" data-mobile-width=\"0\"  data-scrollbar=\"none\" data-download=\"off\" data-tracking=\"on\" data-newwindow=\"on\" data-pagetextbox=\"off\" data-scrolltotop=\"off\" data-startzoom=\"100\" data-startfpzoom=\"100\" data-download-nonce=\"7c878c9252\" data-disablerightclick=\"on\" data-toolbar=\"bottom\" data-toolbar-fixed=\"off\">WGMB_WP_2010<br\/><\/a>[\/vc_column_text][\/vc_column][vc_column width=&#8221;1\/4&#8243;][\/vc_column][\/vc_row][vc_row][vc_column][vc_column_text]\n<h3>Wer hat teilgenommen?<\/h3>\n[\/vc_column_text][vc_column_text]Befragt wurden F\u00fchrungskr\u00e4fte aus der verarbeitenden Industrie, aus Telekommunikations- und IT-Unternehmen, aus den Versorgungs-, Reise-, Transport- und Logistikbranchen sowie aus dem Finanzdienstleistungsbereich. Sie stammen aus Unternehmen unterschiedlicher Gr\u00f6\u00dfenklassen \u2013 vom DAX-Konzern bis zum gehobenen Mittelstand.[\/vc_column_text][\/vc_column][\/vc_row][vc_row][vc_column][vc_column_text]\n<h3>Preise und Bezugsmodalit\u00e4ten<\/h3>\n[\/vc_column_text][vc_column_text]Die Studie ist f\u00fcr 1.180,- Euro zzgl. MwSt erh\u00e4ltlich. Geliefert wird sie in elektronischer Form als PDF-Datei per E-Mail.<\/p>\n<p>Bei Interesse senden Sie bitte eine E-Mail an studien(at)wgmb.org.[\/vc_column_text][\/vc_column][\/vc_row][vc_row][vc_column][vc_separator color=&#8221;custom&#8221; accent_color=&#8221;#cdcdcd&#8221;][vc_column_text]<a href=\"https:\/\/wgmb.org\/en\/grosse-berater\/\">Back to the studies overview<\/a>[\/vc_column_text][\/vc_column][\/vc_row]\n<div id=\"themify_builder_content-2037\" data-postid=\"2037\" class=\"themify_builder_content themify_builder_content-2037 themify_builder\">\n    <\/div>\n<!-- \/themify_builder_content --><\/div>","protected":false},"excerpt":{"rendered":"<p>[vc_row row_type=&#8221;row&#8221; use_row_as_full_screen_section=&#8221;no&#8221; type=&#8221;full_width&#8221; angled_section=&#8221;no&#8221; text_align=&#8221;left&#8221; background_image_as_pattern=&#8221;without_pattern&#8221;][vc_column][\/vc_column][\/vc_row][vc_row][vc_column css=&#8221;.vc_custom_1526935394782{padding-top: 100px !important;}&#8221;][vc_column_text] Wirtschaftspr\u00fcfung 2010 [\/vc_column_text][vc_column_text]PwC, KPMG, Ernst &amp; Young, Deloitte&#8230;? Wenn Unternehmen einen Wirtschaftspr\u00fcfer ausw\u00e4hlen, kommen die \u201eBig 4\u201c der Branche h\u00e4ufig wie von selbst in die engere Wahl. Doch insgesamt ist der Markt alles andere als leicht zu \u00fcberblicken. Gerade im Zeichen der aktuellen Krise ist [&hellip;]<\/p>\n","protected":false},"author":1,"featured_media":0,"parent":0,"menu_order":0,"comment_status":"closed","ping_status":"closed","template":"","meta":{"footnotes":""},"class_list":["post-2037","page","type-page","status-publish","hentry","has-post-title","has-post-date","has-post-category","has-post-tag","has-post-comment","has-post-author",""],"yoast_head":"<!-- This site is optimized with the Yoast SEO plugin v27.3 - https:\/\/yoast.com\/product\/yoast-seo-wordpress\/ -->\n<title>Studien der WGMB - Die gro\u00dfen der Branche &amp; Hidden Champions<\/title>\n<meta name=\"description\" content=\"Seit 1998 unterst\u00fctzen wir mit unseren Studien Berater und ihre Kunden, sich erfolgreich im Beratungsmarkt zu bewegen. Dabei haben wir zwei Schwerpunkte gesetzt.\" \/>\n<meta name=\"robots\" content=\"index, follow, max-snippet:-1, max-image-preview:large, max-video-preview:-1\" \/>\n<link rel=\"canonical\" href=\"https:\/\/wgmb.org\/en\/studien-2010\/\" \/>\n<meta property=\"og:locale\" content=\"en_US\" \/>\n<meta property=\"og:type\" content=\"article\" \/>\n<meta property=\"og:title\" content=\"Studien der WGMB - Die gro\u00dfen der Branche &amp; Hidden Champions\" \/>\n<meta property=\"og:description\" content=\"Seit 1998 unterst\u00fctzen wir mit unseren Studien Berater und ihre Kunden, sich erfolgreich im Beratungsmarkt zu bewegen. Dabei haben wir zwei Schwerpunkte gesetzt.\" \/>\n<meta property=\"og:url\" content=\"https:\/\/wgmb.org\/en\/studien-2010\/\" \/>\n<meta property=\"og:site_name\" content=\"WGMB\" \/>\n<meta property=\"article:modified_time\" content=\"2019-01-25T13:58:37+00:00\" \/>\n<meta name=\"twitter:card\" content=\"summary_large_image\" \/>\n<meta name=\"twitter:label1\" content=\"Est. reading time\" \/>\n\t<meta name=\"twitter:data1\" content=\"3 minutes\" \/>\n<script type=\"application\/ld+json\" class=\"yoast-schema-graph\">{\"@context\":\"https:\\\/\\\/schema.org\",\"@graph\":[{\"@type\":\"WebPage\",\"@id\":\"https:\\\/\\\/wgmb.org\\\/en\\\/studien-2010\\\/\",\"url\":\"https:\\\/\\\/wgmb.org\\\/en\\\/studien-2010\\\/\",\"name\":\"Studien der WGMB - Die gro\u00dfen der Branche & Hidden Champions\",\"isPartOf\":{\"@id\":\"https:\\\/\\\/wgmb.org\\\/#website\"},\"datePublished\":\"2018-05-22T10:34:46+00:00\",\"dateModified\":\"2019-01-25T13:58:37+00:00\",\"description\":\"Seit 1998 unterst\u00fctzen wir mit unseren Studien Berater und ihre Kunden, sich erfolgreich im Beratungsmarkt zu bewegen. Dabei haben wir zwei Schwerpunkte gesetzt.\",\"breadcrumb\":{\"@id\":\"https:\\\/\\\/wgmb.org\\\/en\\\/studien-2010\\\/#breadcrumb\"},\"inLanguage\":\"en-US\",\"potentialAction\":[{\"@type\":\"ReadAction\",\"target\":[\"https:\\\/\\\/wgmb.org\\\/en\\\/studien-2010\\\/\"]}]},{\"@type\":\"BreadcrumbList\",\"@id\":\"https:\\\/\\\/wgmb.org\\\/en\\\/studien-2010\\\/#breadcrumb\",\"itemListElement\":[{\"@type\":\"ListItem\",\"position\":1,\"name\":\"Startseite\",\"item\":\"https:\\\/\\\/wgmb.org\\\/en\\\/\"},{\"@type\":\"ListItem\",\"position\":2,\"name\":\"Studien 2010\"}]},{\"@type\":\"WebSite\",\"@id\":\"https:\\\/\\\/wgmb.org\\\/#website\",\"url\":\"https:\\\/\\\/wgmb.org\\\/\",\"name\":\"WGMB\",\"description\":\"Wissenschaftlich. Unabh\u00e4ngig.\",\"potentialAction\":[{\"@type\":\"SearchAction\",\"target\":{\"@type\":\"EntryPoint\",\"urlTemplate\":\"https:\\\/\\\/wgmb.org\\\/?s={search_term_string}\"},\"query-input\":{\"@type\":\"PropertyValueSpecification\",\"valueRequired\":true,\"valueName\":\"search_term_string\"}}],\"inLanguage\":\"en-US\"}]}<\/script>\n<!-- \/ Yoast SEO plugin. -->","yoast_head_json":{"title":"Studien der WGMB - Die gro\u00dfen der Branche & Hidden Champions","description":"Seit 1998 unterst\u00fctzen wir mit unseren Studien Berater und ihre Kunden, sich erfolgreich im Beratungsmarkt zu bewegen. Dabei haben wir zwei Schwerpunkte gesetzt.","robots":{"index":"index","follow":"follow","max-snippet":"max-snippet:-1","max-image-preview":"max-image-preview:large","max-video-preview":"max-video-preview:-1"},"canonical":"https:\/\/wgmb.org\/en\/studien-2010\/","og_locale":"en_US","og_type":"article","og_title":"Studien der WGMB - Die gro\u00dfen der Branche & Hidden Champions","og_description":"Seit 1998 unterst\u00fctzen wir mit unseren Studien Berater und ihre Kunden, sich erfolgreich im Beratungsmarkt zu bewegen. Dabei haben wir zwei Schwerpunkte gesetzt.","og_url":"https:\/\/wgmb.org\/en\/studien-2010\/","og_site_name":"WGMB","article_modified_time":"2019-01-25T13:58:37+00:00","twitter_card":"summary_large_image","twitter_misc":{"Est. reading time":"3 minutes"},"schema":{"@context":"https:\/\/schema.org","@graph":[{"@type":"WebPage","@id":"https:\/\/wgmb.org\/en\/studien-2010\/","url":"https:\/\/wgmb.org\/en\/studien-2010\/","name":"Studien der WGMB - Die gro\u00dfen der Branche & Hidden Champions","isPartOf":{"@id":"https:\/\/wgmb.org\/#website"},"datePublished":"2018-05-22T10:34:46+00:00","dateModified":"2019-01-25T13:58:37+00:00","description":"Seit 1998 unterst\u00fctzen wir mit unseren Studien Berater und ihre Kunden, sich erfolgreich im Beratungsmarkt zu bewegen. Dabei haben wir zwei Schwerpunkte gesetzt.","breadcrumb":{"@id":"https:\/\/wgmb.org\/en\/studien-2010\/#breadcrumb"},"inLanguage":"en-US","potentialAction":[{"@type":"ReadAction","target":["https:\/\/wgmb.org\/en\/studien-2010\/"]}]},{"@type":"BreadcrumbList","@id":"https:\/\/wgmb.org\/en\/studien-2010\/#breadcrumb","itemListElement":[{"@type":"ListItem","position":1,"name":"Startseite","item":"https:\/\/wgmb.org\/en\/"},{"@type":"ListItem","position":2,"name":"Studien 2010"}]},{"@type":"WebSite","@id":"https:\/\/wgmb.org\/#website","url":"https:\/\/wgmb.org\/","name":"WGMB","description":"Wissenschaftlich. Unabh\u00e4ngig.","potentialAction":[{"@type":"SearchAction","target":{"@type":"EntryPoint","urlTemplate":"https:\/\/wgmb.org\/?s={search_term_string}"},"query-input":{"@type":"PropertyValueSpecification","valueRequired":true,"valueName":"search_term_string"}}],"inLanguage":"en-US"}]}},"builder_content":"","_links":{"self":[{"href":"https:\/\/wgmb.org\/en\/wp-json\/wp\/v2\/pages\/2037","targetHints":{"allow":["GET"]}}],"collection":[{"href":"https:\/\/wgmb.org\/en\/wp-json\/wp\/v2\/pages"}],"about":[{"href":"https:\/\/wgmb.org\/en\/wp-json\/wp\/v2\/types\/page"}],"author":[{"embeddable":true,"href":"https:\/\/wgmb.org\/en\/wp-json\/wp\/v2\/users\/1"}],"replies":[{"embeddable":true,"href":"https:\/\/wgmb.org\/en\/wp-json\/wp\/v2\/comments?post=2037"}],"version-history":[{"count":0,"href":"https:\/\/wgmb.org\/en\/wp-json\/wp\/v2\/pages\/2037\/revisions"}],"wp:attachment":[{"href":"https:\/\/wgmb.org\/en\/wp-json\/wp\/v2\/media?parent=2037"}],"curies":[{"name":"wp","href":"https:\/\/api.w.org\/{rel}","templated":true}]}}