{"id":1864,"date":"2018-04-10T19:49:00","date_gmt":"2018-04-10T19:49:00","guid":{"rendered":"https:\/\/wgmb.org\/knoblach\/"},"modified":"2025-01-09T11:28:48","modified_gmt":"2025-01-09T11:28:48","slug":"knoblach-2","status":"publish","type":"page","link":"https:\/\/wgmb.org\/en\/knoblach-2\/","title":{"rendered":"Knoblach"},"content":{"rendered":"<div class=\"wpb-content-wrapper\">[vc_row row_type=&#8221;row&#8221; use_row_as_full_screen_section=&#8221;no&#8221; type=&#8221;full_width&#8221; angled_section=&#8221;no&#8221; text_align=&#8221;left&#8221; background_image_as_pattern=&#8221;without_pattern&#8221;][vc_column offset=&#8221;vc_hidden-sm vc_hidden-xs&#8221;]\n\t\t\t<!-- START Bianka_Knoblach_3 EN REVOLUTION SLIDER 6.7.23 --><p class=\"rs-p-wp-fix\"><\/p>\n\t\t\t<rs-module-wrap id=\"rev_slider_72_1_wrapper\" data-source=\"gallery\" style=\"visibility:hidden;background:transparent;padding:0;\">\n\t\t\t\t<rs-module id=\"rev_slider_72_1\" style=\"\" data-version=\"6.7.23\">\n\t\t\t\t\t<rs-slides style=\"overflow: hidden; position: absolute;\">\n\t\t\t\t\t\t<rs-slide style=\"position: absolute;\" data-key=\"rs-116\" data-title=\"Slide\" data-anim=\"ms:600;\" data-in=\"o:0;\" data-out=\"a:false;\">\n\t\t\t\t\t\t\t<img decoding=\"async\" src=\"https:\/\/wgmb.org\/wp-content\/plugins\/revslider\/sr6\/assets\/assets\/dummy.png\" alt=\"\" title=\"Knoblach\" class=\"rev-slidebg tp-rs-img rs-lazyload\" data-lazyload=\"\/\/wgmb.org\/wp-content\/uploads\/2018\/06\/Knoblach-gross-2.jpg\" data-no-retina>\n<!--\n\t\t\t\t\t\t\t--><rs-layer\n\t\t\t\t\t\t\t\tid=\"slider-72-slide-116-layer-2\" \n\t\t\t\t\t\t\t\tdata-type=\"text\"\n\t\t\t\t\t\t\t\tdata-color=\"#d8d8d8||#ffffff||#ffffff||#ffffff\"\n\t\t\t\t\t\t\t\tdata-rsp_ch=\"on\"\n\t\t\t\t\t\t\t\tdata-xy=\"xo:604px,450px,135px,20px;yo:294px,180px,264px,117px;\"\n\t\t\t\t\t\t\t\tdata-text=\"s:20,18,18,14;l:30;a:inherit;\"\n\t\t\t\t\t\t\t\tdata-frame_1=\"sR:10;\"\n\t\t\t\t\t\t\t\tdata-frame_999=\"o:0;st:w;sR:8690.0006103516;\"\n\t\t\t\t\t\t\t\tstyle=\"z-index:5;font-family:'Open Sans';\"\n\t\t\t\t\t\t\t>\nis Managing Director of the Wissenschaftliche Gesellschaft<br>f\u00fcr Management und Beratung and Head of the German<br>Institute for Consulting Sciences in Berlin.<br><br>\n\nAfter various positions in management and technology<br>consulting, she has been researching and teaching<br>organizational psychology and consulting at various<br>universities for more than ten years. Her work on the<br>competence, reputation and impact of consultants has<br>had a firm place in science and practice for many years.<br><br>\n\nShe is the author of various scientific papers and several<br>popular books. \n\t\t\t\t\t\t\t<\/rs-layer><!--\n\n\t\t\t\t\t\t\t--><rs-layer\n\t\t\t\t\t\t\t\tid=\"slider-72-slide-116-layer-3\" \n\t\t\t\t\t\t\t\tdata-type=\"text\"\n\t\t\t\t\t\t\t\tdata-color=\"#d8d8d8||#d8d8d8||#ffffff||#ffffff\"\n\t\t\t\t\t\t\t\tdata-rsp_ch=\"on\"\n\t\t\t\t\t\t\t\tdata-xy=\"xo:603px,450px,135px,20px;yo:214px,119px,210px,64px;\"\n\t\t\t\t\t\t\t\tdata-text=\"s:35,35,30,30;l:22,22,22,22;a:inherit;\"\n\t\t\t\t\t\t\t\tdata-frame_1=\"sR:10;\"\n\t\t\t\t\t\t\t\tdata-frame_999=\"o:0;st:w;sR:8690.0006103516;\"\n\t\t\t\t\t\t\t\tstyle=\"z-index:6;font-family:'Open Sans';\"\n\t\t\t\t\t\t\t>Dr. Bianka Knoblach \n\t\t\t\t\t\t\t<\/rs-layer><!--\n\n\t\t\t\t\t\t\t--><a\n\t\t\t\t\t\t\t\tid=\"slider-72-slide-116-layer-10\" \n\t\t\t\t\t\t\t\tclass=\"rs-layer\"\n\t\t\t\t\t\t\t\thref=\"https:\/\/wgmb.org\/en\/dibew\" target=\"_self\"\n\t\t\t\t\t\t\t\tdata-type=\"image\"\n\t\t\t\t\t\t\t\tdata-rsp_ch=\"on\"\n\t\t\t\t\t\t\t\tdata-xy=\"xo:1011px,799px,799px,799px;yo:714px,596px,596px,596px;\"\n\t\t\t\t\t\t\t\tdata-text=\"l:22;a:inherit;\"\n\t\t\t\t\t\t\t\tdata-dim=\"w:[&#039;107px&#039;,&#039;107px&#039;,&#039;107px&#039;,&#039;107px&#039;];h:[&#039;55px&#039;,&#039;55px&#039;,&#039;55px&#039;,&#039;55px&#039;];\"\n\t\t\t\t\t\t\t\tdata-frame_999=\"o:0;st:w;sR:8700.0006103516;\"\n\t\t\t\t\t\t\t\tstyle=\"z-index:7;\"\n\t\t\t\t\t\t\t><img decoding=\"async\" src=\"https:\/\/wgmb.org\/wp-content\/plugins\/revslider\/sr6\/assets\/assets\/dummy.png\" alt=\"\" class=\"tp-rs-img rs-lazyload\" width=\"874\" height=\"451\" data-lazyload=\"\/\/wgmb.org\/wp-content\/uploads\/2018\/05\/dibew-Logo3.png\" data-no-retina> \n\t\t\t\t\t\t\t<\/a><!--\n-->\t\t\t\t\t<\/rs-slide>\n\t\t\t\t\t<\/rs-slides>\n\t\t\t\t<\/rs-module>\n\t\t\t\t<script>\n\t\t\t\t\tsetREVStartSize({c: 'rev_slider_72_1',rl:[1240,1024,778,480],el:[868,768,960,720],gw:[1240,1024,778,480],gh:[868,768,960,720],type:'hero',justify:'',layout:'fullscreen',offsetContainer:'',offset:'',mh:\"0\"});if (window.RS_MODULES!==undefined && window.RS_MODULES.modules!==undefined && window.RS_MODULES.modules[\"revslider721\"]!==undefined) {window.RS_MODULES.modules[\"revslider721\"].once = false;window.revapi72 = undefined;if (window.RS_MODULES.checkMinimal!==undefined) window.RS_MODULES.checkMinimal()}\n\t\t\t\t<\/script>\n\t\t\t<\/rs-module-wrap>\n\t\t\t<!-- END REVOLUTION SLIDER -->\n[\/vc_column][\/vc_row][vc_row row_type=&#8221;row&#8221; use_row_as_full_screen_section=&#8221;no&#8221; type=&#8221;full_width&#8221; angled_section=&#8221;no&#8221; text_align=&#8221;left&#8221; background_image_as_pattern=&#8221;without_pattern&#8221;][vc_column offset=&#8221;vc_hidden-lg vc_hidden-md vc_hidden-xs&#8221;]\n\t\t\t<!-- START Bianka Knoblach iPad hoch EN REVOLUTION SLIDER 6.7.23 --><p class=\"rs-p-wp-fix\"><\/p>\n\t\t\t<rs-module-wrap id=\"rev_slider_71_2_wrapper\" data-source=\"gallery\" style=\"visibility:hidden;background:transparent;padding:0;\">\n\t\t\t\t<rs-module id=\"rev_slider_71_2\" style=\"\" data-version=\"6.7.23\">\n\t\t\t\t\t<rs-slides style=\"overflow: hidden; position: absolute;\">\n\t\t\t\t\t\t<rs-slide style=\"position: absolute;\" data-key=\"rs-115\" data-title=\"Slide\" data-anim=\"adpr:false;\" data-in=\"o:0;\" data-out=\"a:false;\">\n\t\t\t\t\t\t\t<img decoding=\"async\" src=\"https:\/\/wgmb.org\/wp-content\/plugins\/revslider\/sr6\/assets\/assets\/dummy.png\" alt=\"\" title=\"Knoblach\" class=\"rev-slidebg tp-rs-img rs-lazyload\" data-lazyload=\"\/\/wgmb.org\/wp-content\/uploads\/2018\/06\/Knoblach-iPad-hoch-4.jpg\" data-no-retina>\n<!--\n\t\t\t\t\t\t\t--><rs-layer\n\t\t\t\t\t\t\t\tid=\"slider-71-slide-115-layer-2\" \n\t\t\t\t\t\t\t\tdata-type=\"text\"\n\t\t\t\t\t\t\t\tdata-color=\"#ffffff||#ffffff||#d8d8d8||#d8d8d8\"\n\t\t\t\t\t\t\t\tdata-rsp_ch=\"on\"\n\t\t\t\t\t\t\t\tdata-xy=\"xo:636px,519px,354px,354px;yo:211px,188px,315px,315px;\"\n\t\t\t\t\t\t\t\tdata-text=\"s:16,18,16,16;l:35,30,26,26;a:inherit;\"\n\t\t\t\t\t\t\t\tdata-frame_1=\"sR:10;\"\n\t\t\t\t\t\t\t\tdata-frame_999=\"o:0;st:w;sR:8690.0006103516;\"\n\t\t\t\t\t\t\t\tstyle=\"z-index:5;font-family:'Open Sans';\"\n\t\t\t\t\t\t\t>\nis Managing Director of the Wissenschaftliche<br>Gesellschaft f\u00fcr Management und Beratung and<br>Head of the German Institute for Consulting<br>Sciences in Berlin.<br><br>\n\nAfter various positions in management and<br>technology consulting, she has been researching<br>and teaching organizational psychology and<br>consulting at various universities for more than<br>ten years. Her work on the competence,<br>reputation and impact of consultants has<br>had a firm place in science and practice<br>for many years.<br><br>\n\nShe is the author of various scientific papers<br>and several books on power and consulting. \n\t\t\t\t\t\t\t<\/rs-layer><!--\n\n\t\t\t\t\t\t\t--><rs-layer\n\t\t\t\t\t\t\t\tid=\"slider-71-slide-115-layer-3\" \n\t\t\t\t\t\t\t\tdata-type=\"text\"\n\t\t\t\t\t\t\t\tdata-color=\"#ffffff||#ffffff||#d8d8d8||#d8d8d8\"\n\t\t\t\t\t\t\t\tdata-rsp_ch=\"on\"\n\t\t\t\t\t\t\t\tdata-xy=\"xo:633px,517px,354px,354px;yo:143px,124px,246px,246px;\"\n\t\t\t\t\t\t\t\tdata-text=\"s:20,20,30,30;l:25,25,22,22;a:left,left,inherit,inherit;\"\n\t\t\t\t\t\t\t\tdata-frame_1=\"sR:10;\"\n\t\t\t\t\t\t\t\tdata-frame_999=\"o:0;st:w;sR:8690.0006103516;\"\n\t\t\t\t\t\t\t\tstyle=\"z-index:6;font-family:'Open Sans';\"\n\t\t\t\t\t\t\t>Dr. Bianka Knoblach \n\t\t\t\t\t\t\t<\/rs-layer><!--\n\n\t\t\t\t\t\t\t--><a\n\t\t\t\t\t\t\t\tid=\"slider-71-slide-115-layer-4\" \n\t\t\t\t\t\t\t\tclass=\"rs-layer\"\n\t\t\t\t\t\t\t\thref=\"https:\/\/wgmb.org\/en\/dibew\" target=\"_self\"\n\t\t\t\t\t\t\t\tdata-type=\"image\"\n\t\t\t\t\t\t\t\tdata-rsp_ch=\"on\"\n\t\t\t\t\t\t\t\tdata-xy=\"xo:635px,830px,344px,344px;yo:790px,683px,734px,734px;\"\n\t\t\t\t\t\t\t\tdata-text=\"l:22;a:inherit;\"\n\t\t\t\t\t\t\t\tdata-dim=\"w:[&#039;82px&#039;,&#039;82px&#039;,&#039;82px&#039;,&#039;82px&#039;];h:[&#039;42px&#039;,&#039;42px&#039;,&#039;42px&#039;,&#039;42px&#039;];\"\n\t\t\t\t\t\t\t\tdata-frame_999=\"o:0;st:w;sR:8700.0006103516;\"\n\t\t\t\t\t\t\t\tstyle=\"z-index:7;\"\n\t\t\t\t\t\t\t><img decoding=\"async\" src=\"https:\/\/wgmb.org\/wp-content\/plugins\/revslider\/sr6\/assets\/assets\/dummy.png\" alt=\"\" class=\"tp-rs-img rs-lazyload\" width=\"874\" height=\"451\" data-lazyload=\"\/\/wgmb.org\/wp-content\/uploads\/2018\/05\/dibew-Logo3.png\" data-no-retina> \n\t\t\t\t\t\t\t<\/a><!--\n-->\t\t\t\t\t<\/rs-slide>\n\t\t\t\t\t<\/rs-slides>\n\t\t\t\t<\/rs-module>\n\t\t\t\t<script>\n\t\t\t\t\tsetREVStartSize({c: 'rev_slider_71_2',rl:[1240,1024,778,480],el:[868,768,960,720],gw:[1240,1024,778,480],gh:[868,768,960,720],type:'hero',justify:'',layout:'fullscreen',offsetContainer:'',offset:'',mh:\"0\"});if (window.RS_MODULES!==undefined && window.RS_MODULES.modules!==undefined && window.RS_MODULES.modules[\"revslider712\"]!==undefined) {window.RS_MODULES.modules[\"revslider712\"].once = false;window.revapi71 = undefined;if (window.RS_MODULES.checkMinimal!==undefined) window.RS_MODULES.checkMinimal()}\n\t\t\t\t<\/script>\n\t\t\t<\/rs-module-wrap>\n\t\t\t<!-- END REVOLUTION SLIDER -->\n[\/vc_column][\/vc_row][vc_row][vc_column width=&#8221;1\/3&#8243; offset=&#8221;vc_hidden-lg vc_hidden-md vc_hidden-sm&#8221;][vc_single_image image=&#8221;1867&#8243; img_size=&#8221;large&#8221; alignment=&#8221;center&#8221;][\/vc_column][vc_column width=&#8221;2\/3&#8243; offset=&#8221;vc_hidden-lg vc_hidden-md vc_hidden-sm&#8221; css=&#8221;.vc_custom_1527179435530{padding-right: 15% !important;padding-bottom: 20px !important;padding-left: 15% !important;}&#8221;][vc_column_text css=&#8221;&#8221;]\n<h2>Dr. Bianka Knoblach<\/h2>\n<p>is Managing Director of the Wissenschaftliche Gesellschaft f\u00fcr Management und Beratung and Head of the German Institute for Consulting Sciences in Berlin.<\/p>\n<p>After various positions in management and technology consulting, she has been researching and teaching organizational psychology and consulting at various universities for more than ten years. Her work on the competence, reputation and impact of consultants has had a firm place in science and practice for many years.<\/p>\n<p>She is the author of various scientific papers and several popular books.<\/p>\n<p><a href=\"https:\/\/wgmb.org\/en\/dibew\/\"><img loading=\"lazy\" decoding=\"async\" class=\"wp-image-1865 alignright\" src=\"https:\/\/wgmb.org\/wp-content\/uploads\/2018\/05\/dibew-Logo1-300x155.png\" alt=\"\" width=\"124\" height=\"64\" srcset=\"https:\/\/wgmb.org\/wp-content\/uploads\/2018\/05\/dibew-Logo1-300x155.png 300w, https:\/\/wgmb.org\/wp-content\/uploads\/2018\/05\/dibew-Logo1-768x396.png 768w, https:\/\/wgmb.org\/wp-content\/uploads\/2018\/05\/dibew-Logo1.png 874w\" sizes=\"auto, (max-width: 124px) 100vw, 124px\" \/><\/a>[\/vc_column_text][\/vc_column][\/vc_row]\n<div id=\"themify_builder_content-1864\" data-postid=\"1864\" class=\"themify_builder_content themify_builder_content-1864 themify_builder\">\n    <\/div>\n<!-- \/themify_builder_content --><\/div>","protected":false},"excerpt":{"rendered":"<p>[vc_row row_type=&#8221;row&#8221; use_row_as_full_screen_section=&#8221;no&#8221; type=&#8221;full_width&#8221; angled_section=&#8221;no&#8221; text_align=&#8221;left&#8221; background_image_as_pattern=&#8221;without_pattern&#8221;][vc_column offset=&#8221;vc_hidden-sm vc_hidden-xs&#8221;][\/vc_column][\/vc_row][vc_row row_type=&#8221;row&#8221; use_row_as_full_screen_section=&#8221;no&#8221; type=&#8221;full_width&#8221; angled_section=&#8221;no&#8221; text_align=&#8221;left&#8221; background_image_as_pattern=&#8221;without_pattern&#8221;][vc_column offset=&#8221;vc_hidden-lg vc_hidden-md vc_hidden-xs&#8221;][\/vc_column][\/vc_row][vc_row][vc_column width=&#8221;1\/3&#8243; offset=&#8221;vc_hidden-lg vc_hidden-md vc_hidden-sm&#8221;][vc_single_image image=&#8221;1867&#8243; img_size=&#8221;large&#8221; alignment=&#8221;center&#8221;][\/vc_column][vc_column width=&#8221;2\/3&#8243; offset=&#8221;vc_hidden-lg vc_hidden-md vc_hidden-sm&#8221; css=&#8221;.vc_custom_1527179435530{padding-right: 15% !important;padding-bottom: 20px !important;padding-left: 15% !important;}&#8221;][vc_column_text css=&#8221;&#8221;] Dr. Bianka Knoblach is Managing Director of the Wissenschaftliche Gesellschaft f\u00fcr Management und Beratung and Head of the [&hellip;]<\/p>\n","protected":false},"author":1,"featured_media":0,"parent":0,"menu_order":0,"comment_status":"closed","ping_status":"closed","template":"","meta":{"footnotes":""},"class_list":["post-1864","page","type-page","status-publish","hentry","has-post-title","has-post-date","has-post-category","has-post-tag","has-post-comment","has-post-author",""],"yoast_head":"<!-- This site is optimized with the Yoast SEO plugin v27.3 - https:\/\/yoast.com\/product\/yoast-seo-wordpress\/ -->\n<title>Dr. Bianka Knoblach, Gesch\u00e4ftsf\u00fchrende Direktorin der WGMB<\/title>\n<meta name=\"description\" content=\"Bianka Knoblach ist Gesch\u00e4ftsf\u00fchrende Direktorin der Wissenschaftlichen Gesellschaft f\u00fcr Management und Beratung &amp; leitet das Deutsche Institut f\u00fcr Beratungswissenschaften in Berlin. Sie ist Autorin zahlreicher wissenschaftlicher Fachbeitr\u00e4ge &amp; mehrerer B\u00fccher zu den Themen Macht &amp; Beratung.\" \/>\n<meta name=\"robots\" content=\"index, follow, max-snippet:-1, max-image-preview:large, max-video-preview:-1\" \/>\n<link rel=\"canonical\" href=\"https:\/\/wgmb.org\/en\/knoblach-2\/\" \/>\n<meta property=\"og:locale\" content=\"en_US\" \/>\n<meta property=\"og:type\" content=\"article\" \/>\n<meta property=\"og:title\" content=\"Dr. Bianka Knoblach, Gesch\u00e4ftsf\u00fchrende Direktorin der WGMB\" \/>\n<meta property=\"og:description\" content=\"Bianka Knoblach ist Gesch\u00e4ftsf\u00fchrende Direktorin der Wissenschaftlichen Gesellschaft f\u00fcr Management und Beratung &amp; leitet das Deutsche Institut f\u00fcr Beratungswissenschaften in Berlin. Sie ist Autorin zahlreicher wissenschaftlicher Fachbeitr\u00e4ge &amp; mehrerer B\u00fccher zu den Themen Macht &amp; Beratung.\" \/>\n<meta property=\"og:url\" content=\"https:\/\/wgmb.org\/en\/knoblach-2\/\" \/>\n<meta property=\"og:site_name\" content=\"WGMB\" \/>\n<meta property=\"article:modified_time\" content=\"2025-01-09T11:28:48+00:00\" \/>\n<meta property=\"og:image\" content=\"https:\/\/wgmb.org\/wp-content\/uploads\/2018\/05\/dibew-Logo1-300x155.png\" \/>\n<meta name=\"twitter:card\" content=\"summary_large_image\" \/>\n<meta name=\"twitter:label1\" content=\"Est. reading time\" \/>\n\t<meta name=\"twitter:data1\" content=\"1 minute\" \/>\n<script type=\"application\/ld+json\" class=\"yoast-schema-graph\">{\"@context\":\"https:\\\/\\\/schema.org\",\"@graph\":[{\"@type\":\"WebPage\",\"@id\":\"https:\\\/\\\/wgmb.org\\\/en\\\/knoblach-2\\\/\",\"url\":\"https:\\\/\\\/wgmb.org\\\/en\\\/knoblach-2\\\/\",\"name\":\"Dr. Bianka Knoblach, Gesch\u00e4ftsf\u00fchrende Direktorin der WGMB\",\"isPartOf\":{\"@id\":\"https:\\\/\\\/wgmb.org\\\/#website\"},\"primaryImageOfPage\":{\"@id\":\"https:\\\/\\\/wgmb.org\\\/en\\\/knoblach-2\\\/#primaryimage\"},\"image\":{\"@id\":\"https:\\\/\\\/wgmb.org\\\/en\\\/knoblach-2\\\/#primaryimage\"},\"thumbnailUrl\":\"https:\\\/\\\/wgmb.org\\\/wp-content\\\/uploads\\\/2018\\\/05\\\/dibew-Logo1-300x155.png\",\"datePublished\":\"2018-04-10T19:49:00+00:00\",\"dateModified\":\"2025-01-09T11:28:48+00:00\",\"description\":\"Bianka Knoblach ist Gesch\u00e4ftsf\u00fchrende Direktorin der Wissenschaftlichen Gesellschaft f\u00fcr Management und Beratung & leitet das Deutsche Institut f\u00fcr Beratungswissenschaften in Berlin. Sie ist Autorin zahlreicher wissenschaftlicher Fachbeitr\u00e4ge & mehrerer B\u00fccher zu den Themen Macht & Beratung.\",\"breadcrumb\":{\"@id\":\"https:\\\/\\\/wgmb.org\\\/en\\\/knoblach-2\\\/#breadcrumb\"},\"inLanguage\":\"en-US\",\"potentialAction\":[{\"@type\":\"ReadAction\",\"target\":[\"https:\\\/\\\/wgmb.org\\\/en\\\/knoblach-2\\\/\"]}]},{\"@type\":\"ImageObject\",\"inLanguage\":\"en-US\",\"@id\":\"https:\\\/\\\/wgmb.org\\\/en\\\/knoblach-2\\\/#primaryimage\",\"url\":\"https:\\\/\\\/wgmb.org\\\/wp-content\\\/uploads\\\/2018\\\/05\\\/dibew-Logo1-300x155.png\",\"contentUrl\":\"https:\\\/\\\/wgmb.org\\\/wp-content\\\/uploads\\\/2018\\\/05\\\/dibew-Logo1-300x155.png\"},{\"@type\":\"BreadcrumbList\",\"@id\":\"https:\\\/\\\/wgmb.org\\\/en\\\/knoblach-2\\\/#breadcrumb\",\"itemListElement\":[{\"@type\":\"ListItem\",\"position\":1,\"name\":\"Startseite\",\"item\":\"https:\\\/\\\/wgmb.org\\\/en\\\/\"},{\"@type\":\"ListItem\",\"position\":2,\"name\":\"Knoblach\"}]},{\"@type\":\"WebSite\",\"@id\":\"https:\\\/\\\/wgmb.org\\\/#website\",\"url\":\"https:\\\/\\\/wgmb.org\\\/\",\"name\":\"WGMB\",\"description\":\"Wissenschaftlich. Unabh\u00e4ngig.\",\"potentialAction\":[{\"@type\":\"SearchAction\",\"target\":{\"@type\":\"EntryPoint\",\"urlTemplate\":\"https:\\\/\\\/wgmb.org\\\/?s={search_term_string}\"},\"query-input\":{\"@type\":\"PropertyValueSpecification\",\"valueRequired\":true,\"valueName\":\"search_term_string\"}}],\"inLanguage\":\"en-US\"}]}<\/script>\n<!-- \/ Yoast SEO plugin. -->","yoast_head_json":{"title":"Dr. Bianka Knoblach, Gesch\u00e4ftsf\u00fchrende Direktorin der WGMB","description":"Bianka Knoblach ist Gesch\u00e4ftsf\u00fchrende Direktorin der Wissenschaftlichen Gesellschaft f\u00fcr Management und Beratung & leitet das Deutsche Institut f\u00fcr Beratungswissenschaften in Berlin. Sie ist Autorin zahlreicher wissenschaftlicher Fachbeitr\u00e4ge & mehrerer B\u00fccher zu den Themen Macht & Beratung.","robots":{"index":"index","follow":"follow","max-snippet":"max-snippet:-1","max-image-preview":"max-image-preview:large","max-video-preview":"max-video-preview:-1"},"canonical":"https:\/\/wgmb.org\/en\/knoblach-2\/","og_locale":"en_US","og_type":"article","og_title":"Dr. Bianka Knoblach, Gesch\u00e4ftsf\u00fchrende Direktorin der WGMB","og_description":"Bianka Knoblach ist Gesch\u00e4ftsf\u00fchrende Direktorin der Wissenschaftlichen Gesellschaft f\u00fcr Management und Beratung & leitet das Deutsche Institut f\u00fcr Beratungswissenschaften in Berlin. Sie ist Autorin zahlreicher wissenschaftlicher Fachbeitr\u00e4ge & mehrerer B\u00fccher zu den Themen Macht & Beratung.","og_url":"https:\/\/wgmb.org\/en\/knoblach-2\/","og_site_name":"WGMB","article_modified_time":"2025-01-09T11:28:48+00:00","og_image":[{"url":"https:\/\/wgmb.org\/wp-content\/uploads\/2018\/05\/dibew-Logo1-300x155.png","type":"","width":"","height":""}],"twitter_card":"summary_large_image","twitter_misc":{"Est. reading time":"1 minute"},"schema":{"@context":"https:\/\/schema.org","@graph":[{"@type":"WebPage","@id":"https:\/\/wgmb.org\/en\/knoblach-2\/","url":"https:\/\/wgmb.org\/en\/knoblach-2\/","name":"Dr. Bianka Knoblach, Gesch\u00e4ftsf\u00fchrende Direktorin der WGMB","isPartOf":{"@id":"https:\/\/wgmb.org\/#website"},"primaryImageOfPage":{"@id":"https:\/\/wgmb.org\/en\/knoblach-2\/#primaryimage"},"image":{"@id":"https:\/\/wgmb.org\/en\/knoblach-2\/#primaryimage"},"thumbnailUrl":"https:\/\/wgmb.org\/wp-content\/uploads\/2018\/05\/dibew-Logo1-300x155.png","datePublished":"2018-04-10T19:49:00+00:00","dateModified":"2025-01-09T11:28:48+00:00","description":"Bianka Knoblach ist Gesch\u00e4ftsf\u00fchrende Direktorin der Wissenschaftlichen Gesellschaft f\u00fcr Management und Beratung & leitet das Deutsche Institut f\u00fcr Beratungswissenschaften in Berlin. Sie ist Autorin zahlreicher wissenschaftlicher Fachbeitr\u00e4ge & mehrerer B\u00fccher zu den Themen Macht & Beratung.","breadcrumb":{"@id":"https:\/\/wgmb.org\/en\/knoblach-2\/#breadcrumb"},"inLanguage":"en-US","potentialAction":[{"@type":"ReadAction","target":["https:\/\/wgmb.org\/en\/knoblach-2\/"]}]},{"@type":"ImageObject","inLanguage":"en-US","@id":"https:\/\/wgmb.org\/en\/knoblach-2\/#primaryimage","url":"https:\/\/wgmb.org\/wp-content\/uploads\/2018\/05\/dibew-Logo1-300x155.png","contentUrl":"https:\/\/wgmb.org\/wp-content\/uploads\/2018\/05\/dibew-Logo1-300x155.png"},{"@type":"BreadcrumbList","@id":"https:\/\/wgmb.org\/en\/knoblach-2\/#breadcrumb","itemListElement":[{"@type":"ListItem","position":1,"name":"Startseite","item":"https:\/\/wgmb.org\/en\/"},{"@type":"ListItem","position":2,"name":"Knoblach"}]},{"@type":"WebSite","@id":"https:\/\/wgmb.org\/#website","url":"https:\/\/wgmb.org\/","name":"WGMB","description":"Wissenschaftlich. Unabh\u00e4ngig.","potentialAction":[{"@type":"SearchAction","target":{"@type":"EntryPoint","urlTemplate":"https:\/\/wgmb.org\/?s={search_term_string}"},"query-input":{"@type":"PropertyValueSpecification","valueRequired":true,"valueName":"search_term_string"}}],"inLanguage":"en-US"}]}},"builder_content":"","_links":{"self":[{"href":"https:\/\/wgmb.org\/en\/wp-json\/wp\/v2\/pages\/1864","targetHints":{"allow":["GET"]}}],"collection":[{"href":"https:\/\/wgmb.org\/en\/wp-json\/wp\/v2\/pages"}],"about":[{"href":"https:\/\/wgmb.org\/en\/wp-json\/wp\/v2\/types\/page"}],"author":[{"embeddable":true,"href":"https:\/\/wgmb.org\/en\/wp-json\/wp\/v2\/users\/1"}],"replies":[{"embeddable":true,"href":"https:\/\/wgmb.org\/en\/wp-json\/wp\/v2\/comments?post=1864"}],"version-history":[{"count":0,"href":"https:\/\/wgmb.org\/en\/wp-json\/wp\/v2\/pages\/1864\/revisions"}],"wp:attachment":[{"href":"https:\/\/wgmb.org\/en\/wp-json\/wp\/v2\/media?parent=1864"}],"curies":[{"name":"wp","href":"https:\/\/api.w.org\/{rel}","templated":true}]}}