{"id":1847,"date":"2018-04-10T17:34:48","date_gmt":"2018-04-10T17:34:48","guid":{"rendered":"https:\/\/wgmb.org\/ueber-uns\/"},"modified":"2025-01-07T18:33:33","modified_gmt":"2025-01-07T18:33:33","slug":"ueber-uns","status":"publish","type":"page","link":"https:\/\/wgmb.org\/en\/ueber-uns\/","title":{"rendered":"About us"},"content":{"rendered":"<div class=\"wpb-content-wrapper\">[vc_row row_type=&#8221;row&#8221; use_row_as_full_screen_section=&#8221;no&#8221; type=&#8221;full_width&#8221; angled_section=&#8221;no&#8221; text_align=&#8221;left&#8221; background_image_as_pattern=&#8221;without_pattern&#8221;][vc_column]\n\t\t\t<!-- START \u00dcber_uns REVOLUTION SLIDER 6.7.23 --><p class=\"rs-p-wp-fix\"><\/p>\n\t\t\t<rs-module-wrap id=\"rev_slider_38_1_wrapper\" data-source=\"gallery\" style=\"visibility:hidden;background:transparent;padding:0;margin:0px auto;margin-top:0;margin-bottom:0;\">\n\t\t\t\t<rs-module id=\"rev_slider_38_1\" style=\"\" data-version=\"6.7.23\">\n\t\t\t\t\t<rs-slides style=\"overflow: hidden; position: absolute;\">\n\t\t\t\t\t\t<rs-slide style=\"position: absolute;\" data-key=\"rs-76\" data-title=\"Slide\" data-duration=\"6000\" data-in=\"o:0;\">\n\t\t\t\t\t\t\t<img decoding=\"async\" src=\"https:\/\/wgmb.org\/wp-content\/plugins\/revslider\/sr6\/assets\/assets\/dummy.png\" alt=\"\" title=\"About us\" class=\"rev-slidebg tp-rs-img rs-lazyload\" data-lazyload=\"\/\/wgmb.org\/wp-content\/uploads\/2018\/05\/\u00dcber_uns_6.png\" data-panzoom=\"d:10000;ss:100;se:120;\" data-no-retina>\n<!---->\t\t\t\t\t<\/rs-slide>\n\t\t\t\t\t<\/rs-slides>\n\t\t\t\t<\/rs-module>\n\t\t\t\t<script>\n\t\t\t\t\tsetREVStartSize({c: 'rev_slider_38_1',rl:[1240,1024,778,480],el:[],gw:[480],gh:[400],type:'standard',justify:'',layout:'fullwidth',mh:\"0\"});if (window.RS_MODULES!==undefined && window.RS_MODULES.modules!==undefined && window.RS_MODULES.modules[\"revslider381\"]!==undefined) {window.RS_MODULES.modules[\"revslider381\"].once = false;window.revapi38 = undefined;if (window.RS_MODULES.checkMinimal!==undefined) window.RS_MODULES.checkMinimal()}\n\t\t\t\t<\/script>\n\t\t\t<\/rs-module-wrap>\n\t\t\t<!-- END REVOLUTION SLIDER -->\n[\/vc_column][\/vc_row][vc_row css=&#8221;.vc_custom_1525950059662{padding-bottom: 80px !important;}&#8221;][vc_column css=&#8221;.vc_custom_1525863700473{padding-top: 100px !important;}&#8221;][vc_column_text]\n<h2>WGMB. Science. Independence.<\/h2>\n[\/vc_column_text][vc_column_text]The Wissenschaftliche Gesellschaft f\u00fcr Management und Beratung was founded in 1998 as the &#8221; Institute for Management Consulting &#8220;. We have been operating under our current name since 2001. From the very beginning, we have been committed to the scholarly examination of management and consulting topics. In a constant dialogue with the most important consulting firms and their clients, we take a constructive but critical look at current developments in the business world. One of our most important tasks is the evaluation of consulting projects and consulting firms. We can rely on a network of experienced board members and senior executives from major German companies that has grown over the years. Their trust and willingness to accompany our work as partners for discussion and sparring is our greatest asset.[\/vc_column_text][\/vc_column][\/vc_row][vc_row bg_type=&#8221;image&#8221; parallax_style=&#8221;vcpb-vz-jquery&#8221; bg_image_new=&#8221;id^553|url^https:\/\/wgmb.org\/wp-content\/uploads\/2018\/04\/\u00dcber_uns_2.png|caption^null|alt^null|title^\u00dcber_uns_2|description^null&#8221; disable_on_mobile_img_parallax=&#8221;disable_on_mobile_img_parallax_value&#8221; css=&#8221;.vc_custom_1523384221192{padding-top: 100px !important;padding-bottom: 100px !important;}&#8221;][vc_column css=&#8221;.vc_custom_1605727420434{padding-top: 50px !important;padding-bottom: 50px !important;}&#8221;][vc_column_text]\n<h2>Our management team<\/h2>\n[\/vc_column_text][\/vc_column][\/vc_row][vc_row css=&#8221;.vc_custom_1605727095359{padding-top: 100px !important;}&#8221;][vc_column]<div class=\"ult-team-member-wrap ult-style-1  \"><div class=\"ult-team-member-image\" style=\"\"> <img decoding=\"async\" class=\"\" src=\"https:\/\/wgmb.org\/wp-content\/uploads\/2020\/12\/bianka-knoblach-wgmb.png\" alt=\"Bianka Knoblach f\u00fchrt gemeinsam mit Dietmar Fink die Gesch\u00e4fte der WGMB\"  style=\"\"><span class=\"ult-team-member-image-overlay \"  ><\/span><\/div><div class=\"ult-team-member-bio-wrap style-1 ultimate-heading69e495ea4fa3e\" style=\"text-align:center;; \"><div class=\"ult-team-member-name-wrap\"><h2 class=\"ult-team-member-name ult-responsive\"  data-ultimate-target='.ult-team-member-bio-wrap.ultimate-heading69e495ea4fa3e .ult-team-member-name'  data-responsive-json-new='{\"font-size\":\"\",\"line-height\":\"\"}'  style=\"\">Dr. Bianka Knoblach<\/h2><div class=\"ult-team-member-position ult-responsive\"  data-ultimate-target='.ult-team-member-bio-wrap.ultimate-heading69e495ea4fa3e .ult-team-member-position'  data-responsive-json-new='{\"font-size\":\"\",\"line-height\":\"\"}'  style=\"\">Managing Director<\/div><div class=\"ult-team-member-description ult-responsive\"  data-ultimate-target='.ult-team-member-bio-wrap.ultimate-heading69e495ea4fa3e .ult-team-member-description'  data-responsive-json-new='{\"font-size\":\"\",\"line-height\":\"\"}'  style=\"\"><p><a href=\"https:\/\/wgmb.org\/en\/knoblach-2\/\">more<\/a><\/p><\/div><div style=\"margin-bottom:15px\"><\/div><\/div><\/div><\/div>[\/vc_column][\/vc_row][vc_row][vc_column][vc_separator][\/vc_column][\/vc_row][vc_row css=&#8221;.vc_custom_1605727165194{padding-top: 50px !important;padding-bottom: 100px !important;}&#8221;][vc_column]<div class=\"ult-team-member-wrap ult-style-1  \"><div class=\"ult-team-member-image\" style=\"\"> <img decoding=\"async\" class=\"\" src=\"https:\/\/wgmb.org\/wp-content\/uploads\/2020\/12\/dietmar-fink-wgmb.jpg\" alt=\"Professor Dr. Dietmar Fink f\u00fchrt gemeinsam mit Bianka Knoblach die Gesch\u00e4fte der WGMB.\"  style=\"\"><span class=\"ult-team-member-image-overlay \"  ><\/span><\/div><div class=\"ult-team-member-bio-wrap style-1 ultimate-heading69e495ea500d2\" style=\"text-align:center;; \"><div class=\"ult-team-member-name-wrap\"><h2 class=\"ult-team-member-name ult-responsive\"  data-ultimate-target='.ult-team-member-bio-wrap.ultimate-heading69e495ea500d2 .ult-team-member-name'  data-responsive-json-new='{\"font-size\":\"\",\"line-height\":\"\"}'  style=\"\">Prof. Dr. Dietmar Fink<\/h2><div class=\"ult-team-member-position ult-responsive\"  data-ultimate-target='.ult-team-member-bio-wrap.ultimate-heading69e495ea500d2 .ult-team-member-position'  data-responsive-json-new='{\"font-size\":\"\",\"line-height\":\"\"}'  style=\"\">Academic Director<\/div><div class=\"ult-team-member-description ult-responsive\"  data-ultimate-target='.ult-team-member-bio-wrap.ultimate-heading69e495ea500d2 .ult-team-member-description'  data-responsive-json-new='{\"font-size\":\"\",\"line-height\":\"\"}'  style=\"\"><p><a href=\"https:\/\/wgmb.org\/en\/fink\/\">more<\/a><\/p><\/div><div style=\"margin-bottom:15px\"><\/div><\/div><\/div><\/div>[\/vc_column][\/vc_row]\n<div id=\"themify_builder_content-1847\" data-postid=\"1847\" class=\"themify_builder_content themify_builder_content-1847 themify_builder\">\n    <\/div>\n<!-- \/themify_builder_content --><\/div>","protected":false},"excerpt":{"rendered":"<p>[vc_row row_type=&#8221;row&#8221; use_row_as_full_screen_section=&#8221;no&#8221; type=&#8221;full_width&#8221; angled_section=&#8221;no&#8221; text_align=&#8221;left&#8221; background_image_as_pattern=&#8221;without_pattern&#8221;][vc_column][\/vc_column][\/vc_row][vc_row css=&#8221;.vc_custom_1525950059662{padding-bottom: 80px !important;}&#8221;][vc_column css=&#8221;.vc_custom_1525863700473{padding-top: 100px !important;}&#8221;][vc_column_text] WGMB. Science. Independence. [\/vc_column_text][vc_column_text]The Wissenschaftliche Gesellschaft f\u00fcr Management und Beratung was founded in 1998 as the &#8221; Institute for Management Consulting &#8220;. We have been operating under our current name since 2001. From the very beginning, we have been committed to the [&hellip;]<\/p>\n","protected":false},"author":1,"featured_media":0,"parent":0,"menu_order":0,"comment_status":"closed","ping_status":"closed","template":"","meta":{"footnotes":""},"class_list":["post-1847","page","type-page","status-publish","hentry","has-post-title","has-post-date","has-post-category","has-post-tag","has-post-comment","has-post-author",""],"yoast_head":"<!-- This site is optimized with the Yoast SEO plugin v27.3 - https:\/\/yoast.com\/product\/yoast-seo-wordpress\/ -->\n<title>\u00dcber die WGMB: Wissenschaftlich. Unabh\u00e4ngig.<\/title>\n<meta name=\"description\" content=\"Die Wissenschaftliche Gesellschaft f\u00fcr Management und Beratung wurde 1998 als \u201eInstitut f\u00fcr Unternehmensberatung\u201c gegr\u00fcndet. Von Beginn an haben wir uns der wissenschaftlichen Auseinandersetzung mit Management- und Beratungsthemen verpflichtet.\" \/>\n<meta name=\"robots\" content=\"index, follow, max-snippet:-1, max-image-preview:large, max-video-preview:-1\" \/>\n<link rel=\"canonical\" href=\"https:\/\/wgmb.org\/en\/ueber-uns\/\" \/>\n<meta property=\"og:locale\" content=\"en_US\" \/>\n<meta property=\"og:type\" content=\"article\" \/>\n<meta property=\"og:title\" content=\"\u00dcber die WGMB: Wissenschaftlich. Unabh\u00e4ngig.\" \/>\n<meta property=\"og:description\" content=\"Die Wissenschaftliche Gesellschaft f\u00fcr Management und Beratung wurde 1998 als \u201eInstitut f\u00fcr Unternehmensberatung\u201c gegr\u00fcndet. Von Beginn an haben wir uns der wissenschaftlichen Auseinandersetzung mit Management- und Beratungsthemen verpflichtet.\" \/>\n<meta property=\"og:url\" content=\"https:\/\/wgmb.org\/en\/ueber-uns\/\" \/>\n<meta property=\"og:site_name\" content=\"WGMB\" \/>\n<meta property=\"article:modified_time\" content=\"2025-01-07T18:33:33+00:00\" \/>\n<meta name=\"twitter:card\" content=\"summary_large_image\" \/>\n<meta name=\"twitter:label1\" content=\"Est. reading time\" \/>\n\t<meta name=\"twitter:data1\" content=\"2 minutes\" \/>\n<script type=\"application\/ld+json\" class=\"yoast-schema-graph\">{\"@context\":\"https:\\\/\\\/schema.org\",\"@graph\":[{\"@type\":\"WebPage\",\"@id\":\"https:\\\/\\\/wgmb.org\\\/en\\\/ueber-uns\\\/\",\"url\":\"https:\\\/\\\/wgmb.org\\\/en\\\/ueber-uns\\\/\",\"name\":\"\u00dcber die WGMB: Wissenschaftlich. Unabh\u00e4ngig.\",\"isPartOf\":{\"@id\":\"https:\\\/\\\/wgmb.org\\\/#website\"},\"datePublished\":\"2018-04-10T17:34:48+00:00\",\"dateModified\":\"2025-01-07T18:33:33+00:00\",\"description\":\"Die Wissenschaftliche Gesellschaft f\u00fcr Management und Beratung wurde 1998 als \u201eInstitut f\u00fcr Unternehmensberatung\u201c gegr\u00fcndet. Von Beginn an haben wir uns der wissenschaftlichen Auseinandersetzung mit Management- und Beratungsthemen verpflichtet.\",\"breadcrumb\":{\"@id\":\"https:\\\/\\\/wgmb.org\\\/en\\\/ueber-uns\\\/#breadcrumb\"},\"inLanguage\":\"en-US\",\"potentialAction\":[{\"@type\":\"ReadAction\",\"target\":[\"https:\\\/\\\/wgmb.org\\\/en\\\/ueber-uns\\\/\"]}]},{\"@type\":\"BreadcrumbList\",\"@id\":\"https:\\\/\\\/wgmb.org\\\/en\\\/ueber-uns\\\/#breadcrumb\",\"itemListElement\":[{\"@type\":\"ListItem\",\"position\":1,\"name\":\"Startseite\",\"item\":\"https:\\\/\\\/wgmb.org\\\/en\\\/\"},{\"@type\":\"ListItem\",\"position\":2,\"name\":\"About us\"}]},{\"@type\":\"WebSite\",\"@id\":\"https:\\\/\\\/wgmb.org\\\/#website\",\"url\":\"https:\\\/\\\/wgmb.org\\\/\",\"name\":\"WGMB\",\"description\":\"Wissenschaftlich. Unabh\u00e4ngig.\",\"potentialAction\":[{\"@type\":\"SearchAction\",\"target\":{\"@type\":\"EntryPoint\",\"urlTemplate\":\"https:\\\/\\\/wgmb.org\\\/?s={search_term_string}\"},\"query-input\":{\"@type\":\"PropertyValueSpecification\",\"valueRequired\":true,\"valueName\":\"search_term_string\"}}],\"inLanguage\":\"en-US\"}]}<\/script>\n<!-- \/ Yoast SEO plugin. -->","yoast_head_json":{"title":"\u00dcber die WGMB: Wissenschaftlich. Unabh\u00e4ngig.","description":"Die Wissenschaftliche Gesellschaft f\u00fcr Management und Beratung wurde 1998 als \u201eInstitut f\u00fcr Unternehmensberatung\u201c gegr\u00fcndet. Von Beginn an haben wir uns der wissenschaftlichen Auseinandersetzung mit Management- und Beratungsthemen verpflichtet.","robots":{"index":"index","follow":"follow","max-snippet":"max-snippet:-1","max-image-preview":"max-image-preview:large","max-video-preview":"max-video-preview:-1"},"canonical":"https:\/\/wgmb.org\/en\/ueber-uns\/","og_locale":"en_US","og_type":"article","og_title":"\u00dcber die WGMB: Wissenschaftlich. Unabh\u00e4ngig.","og_description":"Die Wissenschaftliche Gesellschaft f\u00fcr Management und Beratung wurde 1998 als \u201eInstitut f\u00fcr Unternehmensberatung\u201c gegr\u00fcndet. Von Beginn an haben wir uns der wissenschaftlichen Auseinandersetzung mit Management- und Beratungsthemen verpflichtet.","og_url":"https:\/\/wgmb.org\/en\/ueber-uns\/","og_site_name":"WGMB","article_modified_time":"2025-01-07T18:33:33+00:00","twitter_card":"summary_large_image","twitter_misc":{"Est. reading time":"2 minutes"},"schema":{"@context":"https:\/\/schema.org","@graph":[{"@type":"WebPage","@id":"https:\/\/wgmb.org\/en\/ueber-uns\/","url":"https:\/\/wgmb.org\/en\/ueber-uns\/","name":"\u00dcber die WGMB: Wissenschaftlich. Unabh\u00e4ngig.","isPartOf":{"@id":"https:\/\/wgmb.org\/#website"},"datePublished":"2018-04-10T17:34:48+00:00","dateModified":"2025-01-07T18:33:33+00:00","description":"Die Wissenschaftliche Gesellschaft f\u00fcr Management und Beratung wurde 1998 als \u201eInstitut f\u00fcr Unternehmensberatung\u201c gegr\u00fcndet. Von Beginn an haben wir uns der wissenschaftlichen Auseinandersetzung mit Management- und Beratungsthemen verpflichtet.","breadcrumb":{"@id":"https:\/\/wgmb.org\/en\/ueber-uns\/#breadcrumb"},"inLanguage":"en-US","potentialAction":[{"@type":"ReadAction","target":["https:\/\/wgmb.org\/en\/ueber-uns\/"]}]},{"@type":"BreadcrumbList","@id":"https:\/\/wgmb.org\/en\/ueber-uns\/#breadcrumb","itemListElement":[{"@type":"ListItem","position":1,"name":"Startseite","item":"https:\/\/wgmb.org\/en\/"},{"@type":"ListItem","position":2,"name":"About us"}]},{"@type":"WebSite","@id":"https:\/\/wgmb.org\/#website","url":"https:\/\/wgmb.org\/","name":"WGMB","description":"Wissenschaftlich. Unabh\u00e4ngig.","potentialAction":[{"@type":"SearchAction","target":{"@type":"EntryPoint","urlTemplate":"https:\/\/wgmb.org\/?s={search_term_string}"},"query-input":{"@type":"PropertyValueSpecification","valueRequired":true,"valueName":"search_term_string"}}],"inLanguage":"en-US"}]}},"builder_content":"","_links":{"self":[{"href":"https:\/\/wgmb.org\/en\/wp-json\/wp\/v2\/pages\/1847","targetHints":{"allow":["GET"]}}],"collection":[{"href":"https:\/\/wgmb.org\/en\/wp-json\/wp\/v2\/pages"}],"about":[{"href":"https:\/\/wgmb.org\/en\/wp-json\/wp\/v2\/types\/page"}],"author":[{"embeddable":true,"href":"https:\/\/wgmb.org\/en\/wp-json\/wp\/v2\/users\/1"}],"replies":[{"embeddable":true,"href":"https:\/\/wgmb.org\/en\/wp-json\/wp\/v2\/comments?post=1847"}],"version-history":[{"count":0,"href":"https:\/\/wgmb.org\/en\/wp-json\/wp\/v2\/pages\/1847\/revisions"}],"wp:attachment":[{"href":"https:\/\/wgmb.org\/en\/wp-json\/wp\/v2\/media?parent=1847"}],"curies":[{"name":"wp","href":"https:\/\/api.w.org\/{rel}","templated":true}]}}