{"id":1812,"date":"2018-04-07T16:14:24","date_gmt":"2018-04-07T16:14:24","guid":{"rendered":"https:\/\/wgmb.org\/impressum\/"},"modified":"2026-03-21T16:58:45","modified_gmt":"2026-03-21T16:58:45","slug":"impressum","status":"publish","type":"page","link":"https:\/\/wgmb.org\/en\/impressum\/","title":{"rendered":"Imprint"},"content":{"rendered":"<div class=\"wpb-content-wrapper\">[vc_row row_type=&#8221;row&#8221; use_row_as_full_screen_section=&#8221;no&#8221; type=&#8221;full_width&#8221; angled_section=&#8221;no&#8221; text_align=&#8221;left&#8221; background_image_as_pattern=&#8221;without_pattern&#8221;][vc_column]\n\t\t\t<!-- START Impressum REVOLUTION SLIDER 6.7.23 --><p class=\"rs-p-wp-fix\"><\/p>\n\t\t\t<rs-module-wrap id=\"rev_slider_34_1_wrapper\" data-source=\"gallery\" style=\"visibility:hidden;background:transparent;padding:0;margin:0px auto;margin-top:0;margin-bottom:0;\">\n\t\t\t\t<rs-module id=\"rev_slider_34_1\" style=\"\" data-version=\"6.7.23\">\n\t\t\t\t\t<rs-slides style=\"overflow: hidden; position: absolute;\">\n\t\t\t\t\t\t<rs-slide style=\"position: absolute;\" data-key=\"rs-67\" data-title=\"Slide\" data-anim=\"adpr:false;\">\n\t\t\t\t\t\t\t<img decoding=\"async\" src=\"https:\/\/wgmb.org\/wp-content\/plugins\/revslider\/sr6\/assets\/assets\/dummy.png\" alt=\"\" title=\"Imprint\" class=\"rev-slidebg tp-rs-img rs-lazyload\" data-lazyload=\"\/\/wgmb.org\/wp-content\/uploads\/2018\/04\/Impressum-1.png\" data-no-retina>\n<!---->\t\t\t\t\t<\/rs-slide>\n\t\t\t\t\t<\/rs-slides>\n\t\t\t\t<\/rs-module>\n\t\t\t\t<script>\n\t\t\t\t\tsetREVStartSize({c: 'rev_slider_34_1',rl:[1240,1024,778,480],el:[],gw:[480],gh:[400],type:'hero',justify:'',layout:'fullwidth',mh:\"0\"});if (window.RS_MODULES!==undefined && window.RS_MODULES.modules!==undefined && window.RS_MODULES.modules[\"revslider341\"]!==undefined) {window.RS_MODULES.modules[\"revslider341\"].once = false;window.revapi34 = undefined;if (window.RS_MODULES.checkMinimal!==undefined) window.RS_MODULES.checkMinimal()}\n\t\t\t\t<\/script>\n\t\t\t<\/rs-module-wrap>\n\t\t\t<!-- END REVOLUTION SLIDER -->\n[\/vc_column][\/vc_row][vc_row][vc_column css=&#8221;.vc_custom_1525862881359{padding-top: 100px !important;padding-bottom: 50px !important;}&#8221;][vc_column_text]\n<h2 style=\"text-align: left;\">Imprint<\/h2>\n[\/vc_column_text][\/vc_column][\/vc_row][vc_row][vc_column][vc_column_text]\n<div class=\"wpb_text_column wpb_content_element \">\n<div class=\"wpb_wrapper\">\n<h3>Responsible for the content of this website<br \/>\naccording to \u00a7 55 (2) RStV<\/h3>\n<\/div>\n<\/div>\n[\/vc_column_text][vc_column_text css=&#8221;&#8221;]Prof. Dr. Dietmar Fink<br \/>\nDr. Bianka Knoblach<br \/>\nWissenschaftliche Gesellschaft f\u00fcr<br \/>\nManagement und Beratung mbH<br \/>\nFritz-Sch\u00e4ffer-Stra\u00dfe 1<br \/>\n53113 Bonn<br \/>\nGermany<\/p>\n<p>Tel.: +49.228.92129 399<br \/>\ninfo(at)wgmb.org<\/p>\n<p>Registered office of the company: Bonn<br \/>\nCommercial registry: Amtsgericht Bonn HRB 9901<br \/>\nManaging Directors: Dr. Bianka Knoblach, Prof. Dr. Dietmar Fink<br \/>\nTax identification number: 205\/5756\/0435<br \/>\nVAT ID DE222237581<\/p>\n<p>Concept and realisation of the website:<br \/>\nWGMB Digital<br \/>\nBajorat Media \/ <a href=\"https:\/\/www.bajorat-media.com\/\" target=\"_blank\" rel=\"noopener noreferrer\">www.bajorat-media.com<\/a>[\/vc_column_text][vc_separator color=&#8221;custom&#8221; accent_color=&#8221;#707070&#8243;][vc_column_text]\n<h3>Content of the website<\/h3>\n[\/vc_column_text][vc_column_text]This website is created and maintained with great care and high quality standards to the best of our knowledge and belief. Nevertheless, all information on this website is not legally binding. We do not take over any guarantee for their actuality, correctness, completeness or quality. Liability claims against us as publisher, which refer to material or immaterial damage caused by the use or non-use of the information provided or by the use of incorrect or incomplete information, are strictly excluded, unless there is evidence of wilful intent or gross negligence on our part.<\/p>\n<p>All offers are subject to change and non-binding. Parts of the pages or the complete website including all offers and information might be extended, changed or partly or completely deleted by the author without separate announcement.[\/vc_column_text][vc_separator color=&#8221;custom&#8221; accent_color=&#8221;#707070&#8243;][vc_column_text]\n<h3>References and links<\/h3>\n[\/vc_column_text][vc_column_text]Our website contains links to external websites of third parties on whose contents we have no influence. Therefore, we cannot assume any liability for these external contents. The respective provider or operator of the pages is always responsible for the contents of the linked pages. The linked pages were checked for possible legal infringements at the time of linking. Illegal contents were not recognisable at the time of linking. A permanent control of the contents of the linked pages is not reasonable without concrete evidence of an infringement. As soon as we become aware of any legal infringements, we will remove such links immediately.[\/vc_column_text][vc_separator color=&#8221;custom&#8221; accent_color=&#8221;#707070&#8243;][vc_column_text]\n<h3>Copyright and trademark law<\/h3>\n[\/vc_column_text][vc_column_text]In all publications we endeavour to observe the copyrights of the graphics, sound documents, video sequences and texts used, to use graphics, sound documents, video sequences and texts created by ourselves or to make use of licence-free graphics, sound documents, video sequences and texts. Should there be any unintentional infringement of a copyright on our website, despite all due care, please inform us accordingly. We will immediately remove the complained area or the picture in question from our website.<\/p>\n<p>All brands and trademarks mentioned within our Internet offer are subject without restriction to the provisions of the applicable trademark law and the ownership rights of the respective registered owners. The mere fact that a trademark is mentioned should not lead to the conclusion that it is not protected by the rights of third parties.<\/p>\n<p>The copyright for published objects created by us remains solely with us as the publisher. Any duplication or use of objects such as diagrams, sounds or texts in other electronic or printed publications is not permitted without the publisher&#8217;s agreement.[\/vc_column_text][vc_separator color=&#8221;custom&#8221; accent_color=&#8221;#707070&#8243;][vc_column_text]\n<h3>Credits<\/h3>\n[\/vc_column_text][vc_column_text css=&#8221;&#8221;]Homepage:<br \/>\n&#8211; Video: <a href=\"https:\/\/revolution.themepunch.com\/\" target=\"_blank\" rel=\"noopener noreferrer\">ThemePunch OHG<\/a><br \/>\n&#8211; What we do (tools): <a href=\"http:\/\/www.unsplash.com\">Fleur Treurniet via unsplash.com<\/a><br \/>\n&#8211; What we put on paper (books): <a href=\"http:\/\/www.unsplash.com\" target=\"_blank\" rel=\"noopener noreferrer\">Patrick Tomasso via unsplash.com<\/a><br \/>\n&#8211; What we explore (puzzle): <a href=\"http:\/\/www.unsplash.com\" target=\"_blank\" rel=\"noopener noreferrer\">Hans Peter Gauster via unsplash.com<\/a><br \/>\n&#8211; We say thank you (piano player): <a href=\"http:\/\/www.orania.berlin\">Orania Berlin<\/a><\/p>\n<p>News:<br \/>\n&#8211; Header (glasses): <a href=\"http:\/\/www.giphy.com\" target=\"_blank\" rel=\"noopener noreferrer\">www.giphy.com<\/a><br \/>\n&#8211; 19.03.2026 (Audience): N\u00f3i Crew via manager magazin<br \/>\n&#8211; 19.03.2026 (Business People): filadendron via iStock<br \/>\n&#8211; 18.09.2025 (Ties): Janina Kossmann, <a href=\"https:\/\/www.marcurtasun.com\" target=\"_blank\" rel=\"noopener\">Marc Urtasun<\/a> via manager magazin<br \/>\n&#8211; 01.07.2024 (People): <a href=\"https:\/\/www.compamedia.de\" target=\"_blank\" rel=\"noopener\">compamedia GmbH<\/a><br \/>\n&#8211; 22.03.2024 (D. Fink, M.E. Molwitz, B. Knoblach, L.M.\u00a0W\u00fcrz, C. Rasche): <a href=\"https:\/\/drive.google.com\/file\/d\/1QbOnuRjV-lXN8dipB5mB2d01comXuy1b\/view?usp=sharing\" target=\"_blank\" rel=\"noopener\">Robert G\u00fcnther<\/a><br \/>\n&#8211; 21.03.2024 (people): <a href=\"https:\/\/drive.google.com\/file\/d\/1QbOnuRjV-lXN8dipB5mB2d01comXuy1b\/view?usp=sharing\" target=\"_blank\" rel=\"noopener\">Robert G\u00fcnther<\/a><br \/>\n&#8211; 13.02.2024 (D. Fink and B. Knoblach): <a href=\"https:\/\/drive.google.com\/file\/d\/1QbOnuRjV-lXN8dipB5mB2d01comXuy1b\/view?usp=sharing\" target=\"_blank\" rel=\"noopener\">Robert G\u00fcnther<\/a><br \/>\n&#8211; 12.01.2024 (people): <a href=\"https:\/\/drive.google.com\/file\/d\/1QbOnuRjV-lXN8dipB5mB2d01comXuy1b\/view?usp=sharing\" target=\"_blank\" rel=\"noopener\">Robert G\u00fcnther<\/a><br \/>\n&#8211; 23.06.2023 (people): <a href=\"http:\/\/www.kdbusch.com\/\" target=\"_blank\" rel=\"noopener noreferrer\">KD Busch<\/a><br \/>\n&#8211; 09.01.2023 (McKinsey): Image generated with <a href=\"https:\/\/sora.chatgpt.com\/explore\" target=\"_blank\" rel=\"noopener\">Sora<\/a> (OpenAI)<br \/>\n&#8211; 26.08.2022 (people): <a href=\"https:\/\/www.leameienberg.ch\" target=\"_blank\" rel=\"noopener\">Lea Meienberg<\/a> via BILANZ<br \/>\n&#8211; 11.07.2022 (newspaper): <a href=\"https:\/\/www.wgmb.org\">WGMB GmbH<\/a> \/ <a href=\"https:\/\/www.handelsblatt.com\" target=\"_blank\" rel=\"noopener\">Handelsblatt<\/a><br \/>\n&#8211; 24.06.2022 (people): <a href=\"https:\/\/www.wgmb.org\">WGMB GmbH<\/a><br \/>\n&#8211; 08.06.2022 (grafic): <a href=\"http:\/\/www.manager-magazin.de\">manager magazin<\/a><br \/>\n&#8211; 21.05.2022 (impressions): <a href=\"https:\/\/drive.google.com\/file\/d\/1QbOnuRjV-lXN8dipB5mB2d01comXuy1b\/view?usp=sharing\">Robert G\u00fcnther<\/a><br \/>\n&#8211; 24.03.2022 (impressions): <a href=\"https:\/\/www.wgmb.org\">WGMB GmbH<\/a> \/ <a href=\"http:\/\/www.manager-magazin.de\">manager magazin<\/a><br \/>\n&#8211; 24.03.2022 (J.O. W\u00fcrz, D. Fink, B. Knoblach, C. Rasche and M.E. Molwitz): <a href=\"https:\/\/drive.google.com\/file\/d\/1QbOnuRjV-lXN8dipB5mB2d01comXuy1b\/view\" target=\"_blank\" rel=\"noopener\">Robert G\u00fcnther<\/a><br \/>\n&#8211; 20.01.2022 (H. Ahlers): <a href=\"http:\/\/www.janamai.com\">Jana Mai\/DER SPIEGEL via manager magazin<\/a><br \/>\n&#8211; 16.12.2021 (D. Fink and B. Knoblach): <a href=\"https:\/\/dreidreieins.de\">Tobias Koch<\/a><br \/>\n&#8211; 07.12.2021 (C. Wulff): <a href=\"http:\/\/www.rainerjensen.de\">Rainer Jensen<\/a><br \/>\n&#8211; 21.01.2021 (B. Knoblach and D. Fink): <a href=\"https:\/\/redphoto.com\">redphoto<\/a><br \/>\n&#8211; 09.03.2020 (D. Fink): <a href=\"https:\/\/www.prosieben.de\">ProSieben<\/a><br \/>\n&#8211; 09.01.2020 (people): <a href=\"https:\/\/www.studio-monbijou.de\">Karla Newton via Studio Monbijou<\/a><br \/>\n&#8211; 21.12.2019 (D. Fink): <a href=\"https:\/\/www.studio-monbijou.de\">Karla Newton via Studio Monbijou<\/a><br \/>\n&#8211; 21.12.2019 (D. Fink and B. Knoblach): <a href=\"https:\/\/www.studio-monbijou.de\">Karla Newton via Studio Monbijou<\/a><br \/>\n&#8211; 22.03.2019 (people): <a href=\"http:\/\/www.bildfolio.de\/home.html\" target=\"_blank\" rel=\"noopener noreferrer\">Bert Bostelmann via manager magazin<\/a><br \/>\n&#8211; 22.02.2019 (C. Kratz): <a href=\"https:\/\/reuther.photo\" target=\"_blank\" rel=\"noopener noreferrer\">Oliver Reuther\/WirtschaftsWoche via manager magazin<\/a><br \/>\n&#8211; 22.02.2019 (F. Wenger and D. Kessler): <a href=\"http:\/\/www.leameienberg.ch\" target=\"_blank\" rel=\"noopener noreferrer\">Lea Meienberg via BILANZ<\/a><br \/>\n&#8211; 21.01.2019 (D. Fink and A. B\u00f6rsch): <a href=\"https:\/\/wgmb.org\" target=\"_blank\" rel=\"noopener noreferrer\">WGMB GmbH<\/a><br \/>\n&#8211; 27.08.2018 (B. Knoblach and D. Fink): <a href=\"http:\/\/www.martinkittner.de\" target=\"_blank\" rel=\"noopener noreferrer\">Martin Kittner<\/a><br \/>\n&#8211; 29.06.2018 (D. Fink, B. Knoblach and C. Wulff): <a href=\"http:\/\/www.rainerjensen.de\" target=\"_blank\" rel=\"noopener noreferrer\">Rainer Jensen<\/a><br \/>\n&#8211; 01.03.2018 (D. Fink): <a href=\"http:\/\/www.grahamtrott.com\/\" target=\"_blank\" rel=\"noopener noreferrer\">Graham Trott<\/a><br \/>\n&#8211; 11.01.2018 (people): <a href=\"http:\/\/www.hendrik-schneller.de\/\" target=\"_blank\" rel=\"noopener noreferrer\">Hendrik Schneller<\/a><br \/>\n&#8211; 21.12.2017 (D. Fink and B. Knoblach): <a href=\"http:\/\/www.notopoulos.com\/\" target=\"_blank\" rel=\"noopener noreferrer\">Stefanos Notopoulos<\/a><br \/>\n&#8211; 14.08.2017 (C. Rasche, D. Fink and B. Knoblach): <a href=\"http:\/\/www.martinkittner.de\" target=\"_blank\" rel=\"noopener noreferrer\">Martin Kittner<\/a><br \/>\n&#8211; 23.06.2017 (audience): <a href=\"http:\/\/www.kdbusch.com\/\" target=\"_blank\" rel=\"noopener noreferrer\">KD Busch<\/a><br \/>\n&#8211; 13.04.2017 (D. Fink): <a href=\"https:\/\/wgmb.org\" target=\"_blank\" rel=\"noopener noreferrer\">WGMB GmbH<\/a><br \/>\n&#8211; 22.09.2017 (B. Knoblach): <a href=\"https:\/\/wgmb.org\" target=\"_blank\" rel=\"noopener noreferrer\">WGMB GmbH<\/a><br \/>\n&#8211; 24.06.2016 (robot): <a href=\"http:\/\/www.kdbusch.com\/\" target=\"_blank\" rel=\"noopener noreferrer\">KD Busch<\/a><br \/>\n&#8211; 26.06.2015 (people): <a href=\"http:\/\/www.kdbusch.com\/\" target=\"_blank\" rel=\"noopener noreferrer\">KD Busch<\/a><br \/>\n&#8211; 27.06.2014 (R. Berger): <a href=\"http:\/\/www.kdbusch.com\/\" target=\"_blank\" rel=\"noopener noreferrer\">KD Busch<\/a><br \/>\n&#8211; 17.03.2012 (people): <a href=\"https:\/\/www.wiwo.de\/technologie\/forschung\/innovationspreis-die-jury\/6334016.html\" target=\"_blank\" rel=\"noopener noreferrer\">WirtschaftsWoche<\/a><br \/>\n&#8211; 25.03.2011 (D. Fink and B. Knoblach): <a href=\"http:\/\/www.stefanobermeier.de\/\" target=\"_blank\" rel=\"noopener noreferrer\">Stefan Obermeier<\/a><br \/>\n&#8211; 26.07.2010 (D. Fink and B. Knoblach): <a href=\"http:\/\/www.grahamtrott.com\/\" target=\"_blank\" rel=\"noopener noreferrer\">Graham Trott<br \/>\n<\/a>&#8211; 30.04.2010 (W. Sinn and U. Ungeheuer): <a href=\"http:\/\/www.stefanobermeier.de\/\" target=\"_blank\" rel=\"noopener noreferrer\">Stefan Obermeier<\/a><br \/>\n&#8211; 24.01.2009 (gala): <a href=\"http:\/\/www.wirtschaftsclub-rm.de\/\" target=\"_blank\" rel=\"noopener noreferrer\">Wirtschaftsclub Rhein-Main e.V.<\/a><br \/>\n&#8211; 19.01.2008 (award ceremony): <a href=\"http:\/\/www.wirtschaftsclub-rm.de\/\" target=\"_blank\" rel=\"noopener noreferrer\">Wirtschaftsclub Rhein-Main e.V.<br \/>\n<\/a>&#8211; 21.01.2007 (Alte Oper): <a href=\"http:\/\/www.wirtschaftsclub-rm.de\/\" target=\"_blank\" rel=\"noopener noreferrer\">Wirtschaftsclub Rhein-Main e.V.<\/a><\/p>\n<p>Our Studies:<br \/>\n&#8211; Header (big data): <a href=\"http:\/\/www.unsplash.com\" target=\"_blank\" rel=\"noopener noreferrer\">ev \u00fcber unsplash.com<\/a><br \/>\n&#8211; Header leading consultants (typewriter): <a href=\"https:\/\/wgmb.org\" target=\"_blank\" rel=\"noopener noreferrer\">WGMB GmbH<\/a><br \/>\n&#8211; Header individual studies (explore):\u00a0<a href=\"http:\/\/www.unsplash.com\" target=\"_blank\" rel=\"noopener noreferrer\">Andrew Neel via unsplash.com<\/a><br \/>\n&#8211; Header FAQ: <a href=\"http:\/\/www.unsplash.com\">Evan Dennis via unsplash.com<\/a><\/p>\n<p>Our rankings:<br \/>\n&#8211; Header (sparkler): <a href=\"http:\/\/www.unsplash.com\" target=\"_blank\" rel=\"noopener noreferrer\">Cristian Escobar via unsplash.com<\/a><br \/>\n&#8211; Background: <a href=\"http:\/\/www.unsplash.com\" target=\"_blank\" rel=\"noopener noreferrer\">Sharon McCutcheon via unsplash.com<\/a><\/p>\n<p>Our books:<br \/>\n&#8211; Header (books): <a href=\"https:\/\/wgmb.org\" target=\"_blank\" rel=\"noopener noreferrer\">WGMB GmbH<\/a><\/p>\n<p>Our articles:<br \/>\n&#8211; Header (magazines): <a href=\"https:\/\/wgmb.org\" target=\"_blank\" rel=\"noopener noreferrer\">WGMB GmbH<\/a><\/p>\n<p>Management research:<br \/>\n&#8211; Header (people): <a href=\"http:\/\/www.unsplash.com\" target=\"_blank\" rel=\"noopener noreferrer\">Ian Schneider via unsplash.com<\/a><br \/>\n&#8211; Background: <a href=\"http:\/\/www.unsplash.com\" target=\"_blank\" rel=\"noopener noreferrer\">Joel Filipe via unsplash.com<\/a><\/p>\n<p>Consulting research:<br \/>\n&#8211; Header (people): <a href=\"http:\/\/www.unsplash.com\" target=\"_blank\" rel=\"noopener noreferrer\">Ian Schneider via unsplash.com<\/a><br \/>\n&#8211; Background: <a href=\"http:\/\/www.unsplash.com\" target=\"_blank\" rel=\"noopener noreferrer\">Joel Filipe via unsplash.com<\/a><\/p>\n<p>More about us:<br \/>\n&#8211; Header (bird): <a href=\"http:\/\/www.unsplash.com\" target=\"_blank\" rel=\"noopener noreferrer\">Benjamin Lambert via unsplash.com<\/a><br \/>\n&#8211; Portrait 1 (B. Knoblach): <a href=\"https:\/\/www.redphoto.com\/\" target=\"_blank\" rel=\"noopener noreferrer\">Scott Redinger-Libolt<\/a><br \/>\n&#8211; Portrait 2 (D. Fink): <a href=\"https:\/\/www.redphoto.com\/\" target=\"_blank\" rel=\"noopener noreferrer\">Scott Redinger-Libolt<\/a><br \/>\n&#8211; D. Fink standing: <a href=\"http:\/\/www.notopoulos.com\/\" target=\"_blank\" rel=\"noopener noreferrer\">Stefanos Notopoulos<\/a><br \/>\n&#8211; B. Knoblach standing: <a href=\"http:\/\/www.notopoulos.com\/\" target=\"_blank\" rel=\"noopener noreferrer\">Stefanos Notopoulos<\/a><\/p>\n<p>Contact:<br \/>\n&#8211; Header (phone): <a href=\"http:\/\/www.unsplash.com\" target=\"_blank\" rel=\"noopener noreferrer\">Adria Berrocal Forcada via unsplash.com<\/a><br \/>\n&#8211; Video: <a href=\"http:\/\/www.wmg.com\/\" target=\"_blank\" rel=\"noopener noreferrer\">Warner Music Group \/ Rhino Warner<\/a><\/p>\n<p>Imprint:<br \/>\n&#8211; Header (graffiti):\u00a0<a href=\"http:\/\/www.unsplash.com\" target=\"_blank\" rel=\"noopener noreferrer\">Matias Rengel via unsplash.com<br \/>\n<\/a><\/p>\n<p>Privacy policy:<br \/>\n&#8211; Header (cameras): <a href=\"http:\/\/www.unsplash.com\" target=\"_blank\" rel=\"noopener noreferrer\">Scott Webb via unsplash.com<\/a><\/p>\n<p>diBew<br \/>\n&#8211; Header (skyline Berlin): <a href=\"http:\/\/www.fotolia.de\" target=\"_blank\" rel=\"noopener noreferrer\">fotolia.de via Vanameland<\/a>[\/vc_column_text][vc_separator color=&#8221;custom&#8221; accent_color=&#8221;#707070&#8243;][vc_column_text]<a href=\"https:\/\/wgmb.org\/en\/datenschutz\/\">Learn more about our privacy policy.<\/a>[\/vc_column_text][\/vc_column][\/vc_row]\n<div id=\"themify_builder_content-1812\" data-postid=\"1812\" class=\"themify_builder_content themify_builder_content-1812 themify_builder\">\n    <\/div>\n<!-- \/themify_builder_content --><\/div>","protected":false},"excerpt":{"rendered":"<p>[vc_row row_type=&#8221;row&#8221; use_row_as_full_screen_section=&#8221;no&#8221; type=&#8221;full_width&#8221; angled_section=&#8221;no&#8221; text_align=&#8221;left&#8221; background_image_as_pattern=&#8221;without_pattern&#8221;][vc_column][\/vc_column][\/vc_row][vc_row][vc_column css=&#8221;.vc_custom_1525862881359{padding-top: 100px !important;padding-bottom: 50px !important;}&#8221;][vc_column_text] Imprint [\/vc_column_text][\/vc_column][\/vc_row][vc_row][vc_column][vc_column_text] Responsible for the content of this website according to \u00a7 55 (2) RStV [\/vc_column_text][vc_column_text css=&#8221;&#8221;]Prof. Dr. Dietmar Fink Dr. Bianka Knoblach Wissenschaftliche Gesellschaft f\u00fcr Management und Beratung mbH Fritz-Sch\u00e4ffer-Stra\u00dfe 1 53113 Bonn Germany Tel.: +49.228.92129 399 info(at)wgmb.org Registered office of the [&hellip;]<\/p>\n","protected":false},"author":1,"featured_media":0,"parent":0,"menu_order":0,"comment_status":"closed","ping_status":"closed","template":"","meta":{"footnotes":""},"class_list":["post-1812","page","type-page","status-publish","hentry","has-post-title","has-post-date","has-post-category","has-post-tag","has-post-comment","has-post-author",""],"yoast_head":"<!-- This site is optimized with the Yoast SEO plugin v27.3 - https:\/\/yoast.com\/product\/yoast-seo-wordpress\/ -->\n<title>Imprint - WGMB<\/title>\n<meta name=\"robots\" content=\"noindex, follow\" \/>\n<meta property=\"og:locale\" content=\"en_US\" \/>\n<meta property=\"og:type\" content=\"article\" \/>\n<meta property=\"og:title\" content=\"Imprint - WGMB\" \/>\n<meta property=\"og:description\" content=\"[vc_row row_type=&#8221;row&#8221; use_row_as_full_screen_section=&#8221;no&#8221; type=&#8221;full_width&#8221; angled_section=&#8221;no&#8221; text_align=&#8221;left&#8221; background_image_as_pattern=&#8221;without_pattern&#8221;][vc_column][\/vc_column][\/vc_row][vc_row][vc_column css=&#8221;.vc_custom_1525862881359{padding-top: 100px !important;padding-bottom: 50px !important;}&#8221;][vc_column_text] Imprint [\/vc_column_text][\/vc_column][\/vc_row][vc_row][vc_column][vc_column_text] Responsible for the content of this website according to \u00a7 55 (2) RStV [\/vc_column_text][vc_column_text css=&#8221;&#8221;]Prof. Dr. Dietmar Fink Dr. Bianka Knoblach Wissenschaftliche Gesellschaft f\u00fcr Management und Beratung mbH Fritz-Sch\u00e4ffer-Stra\u00dfe 1 53113 Bonn Germany Tel.: +49.228.92129 399 info(at)wgmb.org Registered office of the [&hellip;]\" \/>\n<meta property=\"og:url\" content=\"https:\/\/wgmb.org\/en\/impressum\/\" \/>\n<meta property=\"og:site_name\" content=\"WGMB\" \/>\n<meta property=\"article:modified_time\" content=\"2026-03-21T16:58:45+00:00\" \/>\n<meta name=\"twitter:card\" content=\"summary_large_image\" \/>\n<meta name=\"twitter:label1\" content=\"Est. reading time\" \/>\n\t<meta name=\"twitter:data1\" content=\"6 minutes\" \/>\n<script type=\"application\/ld+json\" class=\"yoast-schema-graph\">{\"@context\":\"https:\\\/\\\/schema.org\",\"@graph\":[{\"@type\":\"WebPage\",\"@id\":\"https:\\\/\\\/wgmb.org\\\/en\\\/impressum\\\/\",\"url\":\"https:\\\/\\\/wgmb.org\\\/en\\\/impressum\\\/\",\"name\":\"Imprint - WGMB\",\"isPartOf\":{\"@id\":\"https:\\\/\\\/wgmb.org\\\/#website\"},\"datePublished\":\"2018-04-07T16:14:24+00:00\",\"dateModified\":\"2026-03-21T16:58:45+00:00\",\"breadcrumb\":{\"@id\":\"https:\\\/\\\/wgmb.org\\\/en\\\/impressum\\\/#breadcrumb\"},\"inLanguage\":\"en-US\",\"potentialAction\":[{\"@type\":\"ReadAction\",\"target\":[\"https:\\\/\\\/wgmb.org\\\/en\\\/impressum\\\/\"]}]},{\"@type\":\"BreadcrumbList\",\"@id\":\"https:\\\/\\\/wgmb.org\\\/en\\\/impressum\\\/#breadcrumb\",\"itemListElement\":[{\"@type\":\"ListItem\",\"position\":1,\"name\":\"Startseite\",\"item\":\"https:\\\/\\\/wgmb.org\\\/en\\\/\"},{\"@type\":\"ListItem\",\"position\":2,\"name\":\"Imprint\"}]},{\"@type\":\"WebSite\",\"@id\":\"https:\\\/\\\/wgmb.org\\\/#website\",\"url\":\"https:\\\/\\\/wgmb.org\\\/\",\"name\":\"WGMB\",\"description\":\"Wissenschaftlich. Unabh\u00e4ngig.\",\"potentialAction\":[{\"@type\":\"SearchAction\",\"target\":{\"@type\":\"EntryPoint\",\"urlTemplate\":\"https:\\\/\\\/wgmb.org\\\/?s={search_term_string}\"},\"query-input\":{\"@type\":\"PropertyValueSpecification\",\"valueRequired\":true,\"valueName\":\"search_term_string\"}}],\"inLanguage\":\"en-US\"}]}<\/script>\n<!-- \/ Yoast SEO plugin. -->","yoast_head_json":{"title":"Imprint - WGMB","robots":{"index":"noindex","follow":"follow"},"og_locale":"en_US","og_type":"article","og_title":"Imprint - WGMB","og_description":"[vc_row row_type=&#8221;row&#8221; use_row_as_full_screen_section=&#8221;no&#8221; type=&#8221;full_width&#8221; angled_section=&#8221;no&#8221; text_align=&#8221;left&#8221; background_image_as_pattern=&#8221;without_pattern&#8221;][vc_column][\/vc_column][\/vc_row][vc_row][vc_column css=&#8221;.vc_custom_1525862881359{padding-top: 100px !important;padding-bottom: 50px !important;}&#8221;][vc_column_text] Imprint [\/vc_column_text][\/vc_column][\/vc_row][vc_row][vc_column][vc_column_text] Responsible for the content of this website according to \u00a7 55 (2) RStV [\/vc_column_text][vc_column_text css=&#8221;&#8221;]Prof. Dr. Dietmar Fink Dr. Bianka Knoblach Wissenschaftliche Gesellschaft f\u00fcr Management und Beratung mbH Fritz-Sch\u00e4ffer-Stra\u00dfe 1 53113 Bonn Germany Tel.: +49.228.92129 399 info(at)wgmb.org Registered office of the [&hellip;]","og_url":"https:\/\/wgmb.org\/en\/impressum\/","og_site_name":"WGMB","article_modified_time":"2026-03-21T16:58:45+00:00","twitter_card":"summary_large_image","twitter_misc":{"Est. reading time":"6 minutes"},"schema":{"@context":"https:\/\/schema.org","@graph":[{"@type":"WebPage","@id":"https:\/\/wgmb.org\/en\/impressum\/","url":"https:\/\/wgmb.org\/en\/impressum\/","name":"Imprint - WGMB","isPartOf":{"@id":"https:\/\/wgmb.org\/#website"},"datePublished":"2018-04-07T16:14:24+00:00","dateModified":"2026-03-21T16:58:45+00:00","breadcrumb":{"@id":"https:\/\/wgmb.org\/en\/impressum\/#breadcrumb"},"inLanguage":"en-US","potentialAction":[{"@type":"ReadAction","target":["https:\/\/wgmb.org\/en\/impressum\/"]}]},{"@type":"BreadcrumbList","@id":"https:\/\/wgmb.org\/en\/impressum\/#breadcrumb","itemListElement":[{"@type":"ListItem","position":1,"name":"Startseite","item":"https:\/\/wgmb.org\/en\/"},{"@type":"ListItem","position":2,"name":"Imprint"}]},{"@type":"WebSite","@id":"https:\/\/wgmb.org\/#website","url":"https:\/\/wgmb.org\/","name":"WGMB","description":"Wissenschaftlich. Unabh\u00e4ngig.","potentialAction":[{"@type":"SearchAction","target":{"@type":"EntryPoint","urlTemplate":"https:\/\/wgmb.org\/?s={search_term_string}"},"query-input":{"@type":"PropertyValueSpecification","valueRequired":true,"valueName":"search_term_string"}}],"inLanguage":"en-US"}]}},"builder_content":"","_links":{"self":[{"href":"https:\/\/wgmb.org\/en\/wp-json\/wp\/v2\/pages\/1812","targetHints":{"allow":["GET"]}}],"collection":[{"href":"https:\/\/wgmb.org\/en\/wp-json\/wp\/v2\/pages"}],"about":[{"href":"https:\/\/wgmb.org\/en\/wp-json\/wp\/v2\/types\/page"}],"author":[{"embeddable":true,"href":"https:\/\/wgmb.org\/en\/wp-json\/wp\/v2\/users\/1"}],"replies":[{"embeddable":true,"href":"https:\/\/wgmb.org\/en\/wp-json\/wp\/v2\/comments?post=1812"}],"version-history":[{"count":0,"href":"https:\/\/wgmb.org\/en\/wp-json\/wp\/v2\/pages\/1812\/revisions"}],"wp:attachment":[{"href":"https:\/\/wgmb.org\/en\/wp-json\/wp\/v2\/media?parent=1812"}],"curies":[{"name":"wp","href":"https:\/\/api.w.org\/{rel}","templated":true}]}}